{"id":16296,"date":"2024-04-25T10:45:40","date_gmt":"2024-04-25T07:45:40","guid":{"rendered":"https:\/\/masterandclean.com.tr\/?post_type=product&#038;p=16296"},"modified":"2024-04-29T12:02:59","modified_gmt":"2024-04-29T09:02:59","slug":"hand-dishwashing-detergent-premium-lemon-5-kg","status":"publish","type":"product","link":"https:\/\/masterandclean.com.tr\/tr\/urun\/hand-dishwashing-detergent-premium-lemon-5-kg\/","title":{"rendered":"ELDE BULA\u015eIK DETERJANI PREMIUM - L\u0130MONLU 5 kg"},"content":{"rendered":"<p>B\u0130LE\u015e\u0130M: Sodyum Alkil Benzen S\u00fclfonat % 5-15, Sodyum Lauret S\u00fclfat&lt;%5. Coconut Fatty Diethanolamide &lt;%3.<\/p>\n<p>PERFORMANS: Elle y\u0131kama i\u00e7in bula\u015f\u0131k deterjan\u0131d\u0131r. Y\u00fcksek ya\u011f s\u00f6kme g\u00fc\u00e7l\u00fc ve kararl\u0131 k\u00f6p\u00fc\u011f\u00fc sayesinde d\u00fc\u015f\u00fck kullan\u0131m oranlar\u0131nda bile \u00fcst\u00fcn kaliteli temizlik sa\u011flar.<\/p>\n<p>KULLANMA TAL\u0130MATI: 1 Litre bula\u015f\u0131k suyuna 1 tatl\u0131 ka\u015f\u0131\u011f\u0131 eklemeniz yeterlidir. Y\u0131kama i\u015fleminden sonra bol su ile durulanmal\u0131.<\/p>\n<p>T\u00dcKET\u0130C\u0130N\u0130N D\u0130KKAT\u0130NE: \u00c7ocuklardan uzak tutunuz. G\u00f6z ile temas\u0131 halinde derhal bol su ile y\u0131kay\u0131n\u0131z ve doktora ba\u015fvurunuz.<\/p>","protected":false},"excerpt":{"rendered":"<p>Elde Bula\u015f\u0131k Premium ile bula\u015f\u0131k y\u0131kamak art\u0131k \u00e7ok daha kolay ve keyifli! Form\u00fcl\u00fcndeki aktif maddelerle yo\u011fun temizleme g\u00fcc\u00fc sa\u011flayan Master Clean inat\u00e7\u0131 kirleri ve ya\u011flar\u0131 s\u00f6ker atar.<\/p>","protected":false},"featured_media":15816,"comment_status":"open","ping_status":"closed","template":"","meta":[],"product_cat":[34],"product_tag":[],"class_list":{"0":"post-16296","1":"product","2":"type-product","3":"status-publish","4":"has-post-thumbnail","6":"product_cat-kitchen-hygiene-group","7":"pa_weight-5-kg","9":"first","10":"instock","11":"shipping-taxable","12":"product-type-simple"},"_links":{"self":[{"href":"https:\/\/masterandclean.com.tr\/tr\/wp-json\/wp\/v2\/product\/16296","targetHints":{"allow":["GET"]}}],"collection":[{"href":"https:\/\/masterandclean.com.tr\/tr\/wp-json\/wp\/v2\/product"}],"about":[{"href":"https:\/\/masterandclean.com.tr\/tr\/wp-json\/wp\/v2\/types\/product"}],"replies":[{"embeddable":true,"href":"https:\/\/masterandclean.com.tr\/tr\/wp-json\/wp\/v2\/comments?post=16296"}],"version-history":[{"count":1,"href":"https:\/\/masterandclean.com.tr\/tr\/wp-json\/wp\/v2\/product\/16296\/revisions"}],"predecessor-version":[{"id":16300,"href":"https:\/\/masterandclean.com.tr\/tr\/wp-json\/wp\/v2\/product\/16296\/revisions\/16300"}],"wp:featuredmedia":[{"embeddable":true,"href":"https:\/\/masterandclean.com.tr\/tr\/wp-json\/wp\/v2\/media\/15816"}],"wp:attachment":[{"href":"https:\/\/masterandclean.com.tr\/tr\/wp-json\/wp\/v2\/media?parent=16296"}],"wp:term":[{"taxonomy":"product_cat","embeddable":true,"href":"https:\/\/masterandclean.com.tr\/tr\/wp-json\/wp\/v2\/product_cat?post=16296"},{"taxonomy":"product_tag","embeddable":true,"href":"https:\/\/masterandclean.com.tr\/tr\/wp-json\/wp\/v2\/product_tag?post=16296"}],"curies":[{"name":"wp","href":"https:\/\/api.w.org\/{rel}","templated":true}]}}