{"id":16283,"date":"2024-04-25T10:40:14","date_gmt":"2024-04-25T07:40:14","guid":{"rendered":"https:\/\/masterandclean.com.tr\/?post_type=product&#038;p=16283"},"modified":"2024-04-26T16:12:41","modified_gmt":"2024-04-26T13:12:41","slug":"bleach-5-kg","status":"publish","type":"product","link":"https:\/\/masterandclean.com.tr\/tr\/urun\/bleach-5-kg\/","title":{"rendered":"\u00c7AMA\u015eIR SUYU 5 kg"},"content":{"rendered":"<p>B\u0130LE\u015e\u0130M: Sodyum Hipoklorit &gt; , Aktif Klor Miktar\u0131 &gt; % 5 Ph:11,5 12,5<\/p>\n<p>\u00dcR\u00dcN TANIMI: Leke \u00e7\u0131kar\u0131c\u0131 ve saniter ortamlarda hijyen sa\u011flay\u0131c\u0131 \u00e7ama\u015f\u0131r suyu. \u00dcr\u00fcn\u00fcn, ISO-9001 kalite belgeleri mevcuttur.<\/p>\n<p>KULLANMA TAL\u0130MATI: G\u00fc\u00e7l\u00fc form\u00fcl\u00fc ile banyo, klozet, lavabo deliklerine d\u00f6k\u00fcl\u00fcr ve y\u00fczeyler silinerek 4-5 dakika bekledikten sonra durulama yap\u0131l\u0131r. Ortamdaki koku ve lekeler giderilerek hijyen sa\u011flan\u0131r. Zemin ve geni\u015f y\u00fczeyleri temizlemek ve hijyen sa\u011flamak i\u00e7in 5 It. suya 3 kahve fincan\u0131 150 g. ilave edilip silinir. \u00c7ama\u015f\u0131r beyazlatmak i\u00e7in 5 It. suya 30-50 g. \u00e7ama\u015f\u0131r suyu ekleyerek y\u0131kama yap\u0131l\u0131r. Direkt \u00e7ama\u015f\u0131r \u00fczerine d\u00f6kmeyiniz. Tuz ruhu ile birlikte kullanmay\u0131n\u0131z. \u00c7ama\u015f\u0131r makinesi ve elde y\u0131kamaya uygundur.<\/p>\n<p>T\u00dcKET\u0130C\u0130N\u0130N D\u0130KKAT\u0130NE: Kullanma talimat\u0131n\u0131 mutlaka okuyunuz. \u00c7ocuklar\u0131n ula\u015famayaca\u011f\u0131 yerde depolay\u0131n\u0131z. \u0130\u00e7ilmesi ya da yutulmas\u0131 durumunda doktorunuza ba\u015fvurunuz. M\u00fcmk\u00fcnse etiket \u00f6rne\u011fini doktorunuza g\u00f6steriniz. El, y\u00fcz ve g\u0131da maddelerinin temizli\u011finde kullan\u0131lmaz. Elle temastan sonra su ile iyice y\u0131kay\u0131n koruyucu eldiven, koruyucu k\u0131yafet, g\u00f6z koruyucu\/y\u00fcz koruyucu kullan\u0131n cilt tahri\u015fi olu\u015fmas\u0131 halinde; doktorunuza ba\u015fvurun kirlenmi\u015f giysilerinizi \u00e7\u0131kar\u0131n ve yeniden kullanmadan \u00f6nce y\u0131kay\u0131n.<\/p>\n<p>DER\u0130 \u0130LE TEMAS HAL\u0130NDE \u0130SE; Bol sabun ve su ile y\u0131kay\u0131n Ciddi cilt yan\u0131klar\u0131na ve g\u00f6z hasar\u0131na yol a\u00e7ar. Sucul ortamda \u00e7ok toksiktir.<\/p>","protected":false},"excerpt":{"rendered":"<p>Master Clean Mikrop ve Bakterilere Kar\u015f\u0131 \u00c7ama\u015f\u0131r Suyu ile tan\u0131\u015f\u0131n! G\u00fc\u00e7l\u00fc form\u00fcl\u00fcyle mikroplar\u0131 ve bakterileri ,9 oran\u0131nda yok eder, evinizin hijyenini g\u00fcvence alt\u0131na al\u0131r. Zorlu kirlerin, mikroplar\u0131n ve bakterilerin kolayca \u00fcreyebildi\u011fi banyo, tuvalet ve mutfak gibi alanlarda g\u00f6n\u00fcl rahatl\u0131\u011f\u0131\u00a0ile\u00a0kullan\u0131n.<\/p>","protected":false},"featured_media":15723,"comment_status":"open","ping_status":"closed","template":"","meta":[],"product_cat":[22],"product_tag":[],"class_list":{"0":"post-16283","1":"product","2":"type-product","3":"status-publish","4":"has-post-thumbnail","6":"product_cat-general-cleaning-group","7":"pa_weight-5-kg","9":"first","10":"instock","11":"shipping-taxable","12":"product-type-simple"},"_links":{"self":[{"href":"https:\/\/masterandclean.com.tr\/tr\/wp-json\/wp\/v2\/product\/16283","targetHints":{"allow":["GET"]}}],"collection":[{"href":"https:\/\/masterandclean.com.tr\/tr\/wp-json\/wp\/v2\/product"}],"about":[{"href":"https:\/\/masterandclean.com.tr\/tr\/wp-json\/wp\/v2\/types\/product"}],"replies":[{"embeddable":true,"href":"https:\/\/masterandclean.com.tr\/tr\/wp-json\/wp\/v2\/comments?post=16283"}],"version-history":[{"count":2,"href":"https:\/\/masterandclean.com.tr\/tr\/wp-json\/wp\/v2\/product\/16283\/revisions"}],"predecessor-version":[{"id":16479,"href":"https:\/\/masterandclean.com.tr\/tr\/wp-json\/wp\/v2\/product\/16283\/revisions\/16479"}],"wp:featuredmedia":[{"embeddable":true,"href":"https:\/\/masterandclean.com.tr\/tr\/wp-json\/wp\/v2\/media\/15723"}],"wp:attachment":[{"href":"https:\/\/masterandclean.com.tr\/tr\/wp-json\/wp\/v2\/media?parent=16283"}],"wp:term":[{"taxonomy":"product_cat","embeddable":true,"href":"https:\/\/masterandclean.com.tr\/tr\/wp-json\/wp\/v2\/product_cat?post=16283"},{"taxonomy":"product_tag","embeddable":true,"href":"https:\/\/masterandclean.com.tr\/tr\/wp-json\/wp\/v2\/product_tag?post=16283"}],"curies":[{"name":"wp","href":"https:\/\/api.w.org\/{rel}","templated":true}]}}