{"id":16272,"date":"2024-04-25T10:36:50","date_gmt":"2024-04-25T07:36:50","guid":{"rendered":"https:\/\/masterandclean.com.tr\/?post_type=product&#038;p=16272"},"modified":"2024-04-25T10:37:31","modified_gmt":"2024-04-25T07:37:31","slug":"foam-soap-20-kg","status":"publish","type":"product","link":"https:\/\/masterandclean.com.tr\/tr\/urun\/foam-soap-20-kg\/","title":{"rendered":"K\u00d6P\u00dcK SABUN 20 kg"},"content":{"rendered":"<p>B\u0130LE\u015e\u0130M: Sodium laureth sulfate, Sodium chloride, Cocomide DEA, Cocoamidopropyl betaine, Coco glucoside, Glyceryl oleate, Peg7 glyceryl cocoate, EDTA, Citric acid, Boya Methylchloroisothiazolinone, Methylisothiazolinone. Paraben, Folmaldehit i\u00e7ermez.<\/p>\n<p>\u00dcR\u00dcN TANIMI: Cilde uyumlu pH: 5,5 \u00f6zelli\u011fine sahip, krem \u00f6zellikli hassas ciltlere uygun ho\u015f kokulu k\u00f6p\u00fck\nsabun.<br \/>\nSabun<\/p>\n<p>\u00d6ZELL\u0130KLER: \u00d6zel dispenseri ile kullan\u0131ld\u0131\u011f\u0131nda her bas\u0131mda 0,5 g. \u00fcr\u00fcn 10 misli hava ile kar\u0131\u015ft\u0131r\u0131larak kremli el y\u0131kama k\u00f6p\u00fc\u011f\u00fc haline getirilerek tek bas\u0131mla eller y\u0131kanabilir.\u00c7abuk durulanmas\u0131 sayesinde, s\u0131v\u0131 sabuna g\u00f6re su sarfiyat\u0131n\u0131 da d\u00fc\u015f\u00fcrmektedir. \u00c7ok s\u0131k kullan\u0131mlarda bile elde iritasyona sebep olmaz, g\u00fcvenle kullan\u0131labilir. Elde ho\u015f bir yumu\u015fakl\u0131k b\u0131rak\u0131r ve elin pH dengesini bozmaz. Elleri mikroplardan korur, dezenfekte eder. D\u00fczenli kullan\u0131ld\u0131\u011f\u0131nda cilt hastal\u0131klar\u0131na yol a\u00e7an bakteri ve mantarlar\u0131n \u00fcremesini engeller. V\u00fccut kokular\u0131na sebep olan bakterilere, egzama ve akneye kar\u015f\u0131 etkilidir. Mam\u00fcl i\u00e7indeki aktif maddeler do\u011fada biyolojik olarak par\u00e7alanabilir.<\/p>\n<p>KULLANMA TAL\u0130MATI: Kirli avu\u00e7 i\u00e7ine \u00f6zel dispenserden 1-2 doz k\u00f6p\u00fck al\u0131n\u0131r, s\u0131v\u0131y\u0131 k\u00f6p\u00fcrtmek i\u00e7in musluk akarken u\u011fra\u015fmaya, israf ederek lavaboya ak\u0131tmaya gerek kalmaz. S\u0131v\u0131s\u0131 konsantre oldu\u011fu i\u00e7in 1 doz (0,5 g) ile el y\u0131kanabilmektedir. \u00d6zellikle ellerin s\u0131k y\u0131kanmas\u0131 gereken mekanlarda, g\u00fcnde 18-20 defa rahatl\u0131kla kullan\u0131l\u0131r.<br \/>\nT\u00dcKET\u0130C\u0130N\u0130N D\u0130KKAT\u0130NE: Kullanma talimat\u0131n\u0131 mutlaka okuyun. Kapa\u011f\u0131n\u0131 kapatmay\u0131 unutmay\u0131n. Ellerinizi y\u0131kad\u0131ktan sonra bol su ile durulay\u0131n. \u00c7ocuklardan uzak tutun.<\/p>","protected":false},"excerpt":{"rendered":"<p>\u00c7ok s\u0131k kullan\u0131mda dahi elde tahri\u015fe neden olmaz, g\u00fcvenle kullan\u0131labilir. Elde ho\u015f bir yumu\u015fakl\u0131k b\u0131rak\u0131r ve elin pH dengesini bozmaz. Elleri mikroplardan korur ve dezenfekte eder.<\/p>","protected":false},"featured_media":15775,"comment_status":"open","ping_status":"closed","template":"","meta":[],"product_cat":[74],"product_tag":[],"class_list":{"0":"post-16272","1":"product","2":"type-product","3":"status-publish","4":"has-post-thumbnail","6":"product_cat-personal-hygiene-group","7":"pa_weight-20-kg","9":"first","10":"instock","11":"shipping-taxable","12":"product-type-simple"},"_links":{"self":[{"href":"https:\/\/masterandclean.com.tr\/tr\/wp-json\/wp\/v2\/product\/16272","targetHints":{"allow":["GET"]}}],"collection":[{"href":"https:\/\/masterandclean.com.tr\/tr\/wp-json\/wp\/v2\/product"}],"about":[{"href":"https:\/\/masterandclean.com.tr\/tr\/wp-json\/wp\/v2\/types\/product"}],"replies":[{"embeddable":true,"href":"https:\/\/masterandclean.com.tr\/tr\/wp-json\/wp\/v2\/comments?post=16272"}],"version-history":[{"count":1,"href":"https:\/\/masterandclean.com.tr\/tr\/wp-json\/wp\/v2\/product\/16272\/revisions"}],"predecessor-version":[{"id":16275,"href":"https:\/\/masterandclean.com.tr\/tr\/wp-json\/wp\/v2\/product\/16272\/revisions\/16275"}],"wp:featuredmedia":[{"embeddable":true,"href":"https:\/\/masterandclean.com.tr\/tr\/wp-json\/wp\/v2\/media\/15775"}],"wp:attachment":[{"href":"https:\/\/masterandclean.com.tr\/tr\/wp-json\/wp\/v2\/media?parent=16272"}],"wp:term":[{"taxonomy":"product_cat","embeddable":true,"href":"https:\/\/masterandclean.com.tr\/tr\/wp-json\/wp\/v2\/product_cat?post=16272"},{"taxonomy":"product_tag","embeddable":true,"href":"https:\/\/masterandclean.com.tr\/tr\/wp-json\/wp\/v2\/product_tag?post=16272"}],"curies":[{"name":"wp","href":"https:\/\/api.w.org\/{rel}","templated":true}]}}