{"id":16265,"date":"2024-04-25T10:33:11","date_gmt":"2024-04-25T07:33:11","guid":{"rendered":"https:\/\/masterandclean.com.tr\/?post_type=product&#038;p=16265"},"modified":"2024-04-25T10:33:54","modified_gmt":"2024-04-25T07:33:54","slug":"lime-remover-20-kg","status":"publish","type":"product","link":"https:\/\/masterandclean.com.tr\/tr\/urun\/lime-remover-20-kg\/","title":{"rendered":"K\u0130RE\u00c7 \u00c7\u00d6Z\u00dcC\u00dc 20 kg"},"content":{"rendered":"<p>B\u0130LE\u015e\u0130M: Nitrik Asit:+ (cas no) 7697-37-2<\/p>\n<p>Kullanma Talimat\u0131: - Pas lekelerin giderilmesinde. -Badana, har\u00e7 vb. in\u015faat ve klozet temizli\u011finde. \u00c7elik \u00e7aydanl\u0131klar\u0131n temizli\u011finde. \u015ei\u015fe, bardak vb. cam malzemelerinin temizli\u011finde etkili temizlik sa\u011flar. Kire\u00e7lenme miktar\u0131na ba\u011fl\u0131 olarak 1\/3 ile 1-20 nispetinde suland\u0131r\u0131l\u0131r. -Mermer y\u00fczeyler i\u00e7in uygun de\u011fildir.<\/p>\n<p>T\u00dcKET\u0130C\u0130N\u0130N D\u0130KKAT\u0130NE: Kullanma talimat\u0131n\u0131 mutlaka okuyunuz. \u00c7ocuklar\u0131n ula\u015famayaca\u011f\u0131 yerde depolay\u0131n\u0131z. \u0130\u00e7ilmesi ya da yutulmas\u0131 durumunda doktorunuza ba\u015fvurunuz. M\u00fcmk\u00fcnse etiket \u00f6rne\u011fini doktorunuza g\u00f6steriniz. El, y\u00fcz ve g\u0131da maddelerinin temizli\u011finde kullan\u0131lmaz. Spreyini solumay\u0131n. Elle temas\u0131ndan sonra su ile y\u0131kay\u0131n. Koruyucu eldiven,koruyucu k\u0131yafet,g\u00f6z koruyucu\/y\u00fcz Koruyucu kullan\u0131n. Kirlenmi\u015f giysilerinizi yeniden kullanmadan \u00f6nce y\u0131kay\u0131n.<br \/>\nSOLUNDU\u011eUNDA: Zarar g\u00f6ren ki\u015fiyi temiz havaya \u00e7\u0131kar\u0131n ve kolay bi\u00e7imde nefes almas\u0131 i\u00e7in rahat bir pozisyonda tutun.YUTULDU\u011eUNDA: A\u011fz\u0131n\u0131z\u0131 \u00e7alkalay\u0131n. \u0130stifra etmeye \u00c7ALI\u015eMAYIN.<br \/>\nDER\u0130 (veya sa\u00e7) \u0130LE TEMAS HAL\u0130NDE \u0130SE:Kirlenmi\u015f t\u00fcm giysilerinizi hemen kald\u0131r\u0131n\/\u00e7\u0131kar\u0131n. Cildinizi su\/du\u015f ile durulay\u0131n. G\u00d6Z \u0130LE TEMASI HAL\u0130NDE: Su ile birka\u00e7 dakika dikkatlice durulay\u0131n.Tak\u0131l\u0131 ve yapmas\u0131 kolaysa, kontakt lenslerini \u00e7\u0131kar\u0131n.Durulamaya devam edin. Yang\u0131n\u0131 g\u00fc\u00e7lendirebilir; oksitleyici ciddi cilt yan\u0131klar\u0131na ve g\u00f6z hasar\u0131na yol a\u00e7ar.<\/p>","protected":false},"excerpt":{"rendered":"<p>Kire\u00e7ten Kurtulun, Temizli\u011fe G\u00fcl\u00fcmseyin: Master Clean Kire\u00e7 \u00c7\u00f6z\u00fcc\u00fc! G\u00fc\u00e7l\u00fc form\u00fcl\u00fc ile banyo ve mutfaktaki kire\u00e7 lekelerini an\u0131nda \u00e7\u00f6zerek temiz ve parlak bir g\u00f6r\u00fcn\u00fcm sa\u011flar.<\/p>","protected":false},"featured_media":15765,"comment_status":"open","ping_status":"closed","template":"","meta":[],"product_cat":[22],"product_tag":[],"class_list":{"0":"post-16265","1":"product","2":"type-product","3":"status-publish","4":"has-post-thumbnail","6":"product_cat-general-cleaning-group","7":"pa_weight-20-kg","9":"first","10":"instock","11":"shipping-taxable","12":"product-type-simple"},"_links":{"self":[{"href":"https:\/\/masterandclean.com.tr\/tr\/wp-json\/wp\/v2\/product\/16265","targetHints":{"allow":["GET"]}}],"collection":[{"href":"https:\/\/masterandclean.com.tr\/tr\/wp-json\/wp\/v2\/product"}],"about":[{"href":"https:\/\/masterandclean.com.tr\/tr\/wp-json\/wp\/v2\/types\/product"}],"replies":[{"embeddable":true,"href":"https:\/\/masterandclean.com.tr\/tr\/wp-json\/wp\/v2\/comments?post=16265"}],"version-history":[{"count":1,"href":"https:\/\/masterandclean.com.tr\/tr\/wp-json\/wp\/v2\/product\/16265\/revisions"}],"predecessor-version":[{"id":16270,"href":"https:\/\/masterandclean.com.tr\/tr\/wp-json\/wp\/v2\/product\/16265\/revisions\/16270"}],"wp:featuredmedia":[{"embeddable":true,"href":"https:\/\/masterandclean.com.tr\/tr\/wp-json\/wp\/v2\/media\/15765"}],"wp:attachment":[{"href":"https:\/\/masterandclean.com.tr\/tr\/wp-json\/wp\/v2\/media?parent=16265"}],"wp:term":[{"taxonomy":"product_cat","embeddable":true,"href":"https:\/\/masterandclean.com.tr\/tr\/wp-json\/wp\/v2\/product_cat?post=16265"},{"taxonomy":"product_tag","embeddable":true,"href":"https:\/\/masterandclean.com.tr\/tr\/wp-json\/wp\/v2\/product_tag?post=16265"}],"curies":[{"name":"wp","href":"https:\/\/api.w.org\/{rel}","templated":true}]}}