{"id":16226,"date":"2024-04-25T10:14:06","date_gmt":"2024-04-25T07:14:06","guid":{"rendered":"https:\/\/masterandclean.com.tr\/?post_type=product&#038;p=16226"},"modified":"2024-04-26T15:59:50","modified_gmt":"2024-04-26T12:59:50","slug":"oil-solubiliser-5-kg","status":"publish","type":"product","link":"https:\/\/masterandclean.com.tr\/tr\/urun\/oil-solubiliser-5-kg\/","title":{"rendered":"YA\u011e \u00c7\u00d6Z\u00dcC\u00dc 5 kg"},"content":{"rendered":"<p>B\u0130LE\u015e\u0130M: &lt;%5 Noniyonik Aktif Madde, Fosfonat, \u00c7\u00f6z\u00fcc\u00fc.<\/p>\n<p>\u00dcR\u00dcN TANIMI: Suland\u0131r\u0131lmadan direkt uygulan\u0131r. Kirli y\u00fczeyin \u00fczerine yeterli miktarda \u00fcr\u00fcn ekleyin ve daha sonra nemli bir bez veya s\u00fcnger ile silin. Zorlu, \u00e7k ya\u011fl\u0131 ve inat\u00e7\u0131 kirlerde daha etkili bir sonu\u00e7 elde etmek i\u00e7in silmeden \u00f6nce birka\u00e7 dakika bekleyin. Daha parlak sonu\u00e7lar i\u00e7in duruma sonras\u0131 y\u00fczeyi bir kez de kuru bez ile silin.<\/p>\n<p>\u00d6ZELL\u0130KLER: Ah\u015fap ve al\u00fcminyum hari\u00e7 t\u00fcm y\u00fczeylerde kullan\u0131l\u0131r. Mutfakta Davlumbaz, duvar, zemin \u00fczerinde yo\u011funla\u015fan ya\u011f tabakalar\u0131 ve kirlerin temizli\u011finde etkilidir. Garaj zeminlerinin temizli\u011finde etkilidir.<\/p>\n<p>KULLANMA TAL\u0130MATI: Normal kirlerde, 45-50 g\/lt. Yo\u011fun kirlerin temizli\u011finde 150-2000g\/lt kullan\u0131lmal\u0131d\u0131r. Yanm\u0131\u015f ya\u011f (f\u0131r\u0131n) temizli\u011finde kullan\u0131labilir.<\/p>\n<p>T\u00dcKET\u0130C\u0130N\u0130N D\u0130KKAT\u0130NE: Kullanma talimat\u0131n\u0131 mutlaka okuyunuz. \u00c7ocuklar\u0131n ula\u015famayaca\u011f\u0131 yerde depolay\u0131n\u0131z. \u0130\u00e7ilmesi ya da yutulmas\u0131 durumunda doktorunuza ba\u015fvurunuz. M\u00fcmk\u00fcnse etiket \u00f6rne\u011fini doktorunuza g\u00f6steriniz. El, y\u00fcz ve g\u0131da maddelerinin temizli\u011finde kullan\u0131lmaz. Yutulmas\u0131 halinde zararl\u0131d\u0131r Cilt ile temas\u0131 halinde zararl\u0131d\u0131r Ciddi cilt yan\u0131klar\u0131na ve g\u00f6z hasar\u0131na yol a\u00e7ar Ciddi g\u00f6z tahri\u015fine yol a\u00e7ar Solunmas\u0131 halinde zararl\u0131d\u0131r Solunum yolu tahri\u015fine yol a\u00e7abilir Sucul ortamda uzun s\u00fcre kal\u0131c\u0131, zararl\u0131 etki Buhar\u0131n\u0131 solumay\u0131n SOLUNDU\u011eUNDA: Zarar g\u00f6ren ki\u015fiyi temiz havaya \u00e7\u0131kar\u0131n ve kolay bi\u00e7imde nefes almas\u0131 i\u00e7in rahat bir pozisyonda tutun YUTULDU\u011eUNDA: A\u011fz\u0131n\u0131z\u0131 \u00e7alkalay\u0131n. \u0130stifra etmeye \u00c7ALI\u015eMAYIN.<\/p>\n<p>DER\u0130 (veya sa\u00e7) \u0130LE TEMAS HAL\u0130NDE \u0130SE: Kirlenmi\u015f t\u00fcm giysilerinizi hemen kald\u0131r\u0131n\/\u00e7\u0131kar\u0131n. Cildinizi su\/du\u015f ile durulay\u0131n.<br \/>\nG\u00d6Z \u0130LE TEMASI HAL\u0130NDE: Su ile birka\u00e7 dakika dikkatlice durulay\u0131n. Tak\u0131l\u0131 ve yapmas\u0131 kolay ise kontak lensleri \u00e7\u0131kar\u0131n. Durulamava devam edin.<\/p>","protected":false},"excerpt":{"rendered":"<p>Master Clean Ya\u011f \u00c7\u00f6z\u00fcc\u00fc: Mutfak Temizli\u011finde Kolay ve Etkili \u00c7\u00f6z\u00fcm! G\u00fc\u00e7l\u00fc form\u00fcl\u00fcyle ya\u011flar\u0131 an\u0131nda \u00e7\u00f6zer, mutfak temizli\u011finizi kolayla\u015ft\u0131r\u0131r.<\/p>","protected":false},"featured_media":15794,"comment_status":"open","ping_status":"closed","template":"","meta":[],"product_cat":[34],"product_tag":[],"class_list":{"0":"post-16226","1":"product","2":"type-product","3":"status-publish","4":"has-post-thumbnail","6":"product_cat-kitchen-hygiene-group","7":"pa_weight-5-kg","9":"first","10":"instock","11":"shipping-taxable","12":"product-type-simple"},"_links":{"self":[{"href":"https:\/\/masterandclean.com.tr\/tr\/wp-json\/wp\/v2\/product\/16226","targetHints":{"allow":["GET"]}}],"collection":[{"href":"https:\/\/masterandclean.com.tr\/tr\/wp-json\/wp\/v2\/product"}],"about":[{"href":"https:\/\/masterandclean.com.tr\/tr\/wp-json\/wp\/v2\/types\/product"}],"replies":[{"embeddable":true,"href":"https:\/\/masterandclean.com.tr\/tr\/wp-json\/wp\/v2\/comments?post=16226"}],"version-history":[{"count":2,"href":"https:\/\/masterandclean.com.tr\/tr\/wp-json\/wp\/v2\/product\/16226\/revisions"}],"predecessor-version":[{"id":16473,"href":"https:\/\/masterandclean.com.tr\/tr\/wp-json\/wp\/v2\/product\/16226\/revisions\/16473"}],"wp:featuredmedia":[{"embeddable":true,"href":"https:\/\/masterandclean.com.tr\/tr\/wp-json\/wp\/v2\/media\/15794"}],"wp:attachment":[{"href":"https:\/\/masterandclean.com.tr\/tr\/wp-json\/wp\/v2\/media?parent=16226"}],"wp:term":[{"taxonomy":"product_cat","embeddable":true,"href":"https:\/\/masterandclean.com.tr\/tr\/wp-json\/wp\/v2\/product_cat?post=16226"},{"taxonomy":"product_tag","embeddable":true,"href":"https:\/\/masterandclean.com.tr\/tr\/wp-json\/wp\/v2\/product_tag?post=16226"}],"curies":[{"name":"wp","href":"https:\/\/api.w.org\/{rel}","templated":true}]}}