{"id":15711,"date":"2024-04-08T15:42:33","date_gmt":"2024-04-08T12:42:33","guid":{"rendered":"https:\/\/masterandclean.com.tr\/product\/surface-cleaner-pine\/"},"modified":"2024-04-25T10:11:30","modified_gmt":"2024-04-25T07:11:30","slug":"surface-cleaner-pine-1-kg","status":"publish","type":"product","link":"https:\/\/masterandclean.com.tr\/tr\/urun\/surface-cleaner-pine-1-kg\/","title":{"rendered":"Y\u00dcZEY TEM\u0130ZLEY\u0130C\u0130 - PINE 1 kg"},"content":{"rendered":"<p>B\u0130LE\u015e\u0130M: Etil Alkol &lt;%5, Low Foaming Fatty Alcohol Alkoxylate %5-15, Sekonder Alkan S\u00fclfonat&lt;%5 Butil Glikol &lt;%5<\/p>\n<p>KULLANMA TAL\u0130MATI: Konsantre \u00fcr\u00fcn olup, 5 It suya 2 kapak koyun ve kar\u0131\u015ft\u0131r\u0131n. Temizlikten sonra durulaman\u0131za gerek yoktur. Zor kirlerde az miktarda y\u00fczey temizleyici suland\u0131rmadan do\u011frudan bezin ya da kirin \u00fczerine d\u00f6k\u00fcn ve silin, temizlikten sonra durulama yap\u0131n.<\/p>\n<p>TEHL\u0130KELER\u0130N TANIMI: Ec direktifine g\u00f6re tehlikeli bir \u00fcr\u00fcn de\u011fildir. \u0130nsan ve \u00e7evre i\u00e7in tehlikeli de\u011fildir.<\/p>\n<p>T\u00dcKET\u0130C\u0130N\u0130N D\u0130KKAT\u0130NE: Kullanma talimat\u0131n\u0131 mutlaka okuyunuz. \u00c7ocuklar\u0131n ula\u015famayaca\u011f\u0131 yerde depolay\u0131n\u0131z. \u0130\u00e7ilmesi ya da yutulmas\u0131 durumunda doktorunuza ba\u015fvurunuz. M\u00fcmk\u00fcnse etiket \u00f6rne\u011fini doktorunuza g\u00f6steriniz. El, y\u00fcz ve g\u0131da maddelerinin temizli\u011finde kullan\u0131lmaz. Cilt tahri\u015fine yol a\u00e7ar. Ciddi g\u00f6z tahri\u015fine yol a\u00e7ar. Solunmas\u0131 halinde zararl\u0131d\u0131r Sucul ortamda uzun s\u00fcre kal\u0131c\u0131, zararl\u0131 etki. Elle temastan sonra su ile iyice y\u0131kay\u0131n. Koruyucu eldiven kullan\u0131n. G\u00f6z tahri\u015fi kal\u0131c\u0131 ise: Tibbi yard\u0131m al\u0131n.<\/p>\n<p>G\u00d6Z \u0130LE TEMASI HAL\u0130NDE: Su ile birka\u00e7 dakika dikkatlice durulay\u0131n. Tak\u0131l\u0131 ve yapmas\u0131 kolaysa, kontak lensleri \u00e7\u0131kar\u0131n. Durulamaya devam edin.<\/p>","protected":false},"excerpt":{"rendered":"<p>Master Clean Y\u00fczey Temizleyici! Evinize Do\u011fal Temizlik ve Ferahl\u0131k Getirin. Master Clean Y\u00fczey Temizleyici ile Evinizin t\u00fcm y\u00fczeylerini nazik\u00e7e temizlerken, ferahlat\u0131c\u0131 ve canland\u0131r\u0131c\u0131 kokusunu hissedin.<\/p>","protected":false},"featured_media":15804,"comment_status":"open","ping_status":"closed","template":"","meta":[],"product_cat":[22],"product_tag":[],"class_list":{"0":"post-15711","1":"product","2":"type-product","3":"status-publish","4":"has-post-thumbnail","6":"product_cat-general-cleaning-group","7":"pa_weight-1-kg","9":"first","10":"instock","11":"shipping-taxable","12":"product-type-simple"},"_links":{"self":[{"href":"https:\/\/masterandclean.com.tr\/tr\/wp-json\/wp\/v2\/product\/15711","targetHints":{"allow":["GET"]}}],"collection":[{"href":"https:\/\/masterandclean.com.tr\/tr\/wp-json\/wp\/v2\/product"}],"about":[{"href":"https:\/\/masterandclean.com.tr\/tr\/wp-json\/wp\/v2\/types\/product"}],"replies":[{"embeddable":true,"href":"https:\/\/masterandclean.com.tr\/tr\/wp-json\/wp\/v2\/comments?post=15711"}],"version-history":[{"count":2,"href":"https:\/\/masterandclean.com.tr\/tr\/wp-json\/wp\/v2\/product\/15711\/revisions"}],"predecessor-version":[{"id":16219,"href":"https:\/\/masterandclean.com.tr\/tr\/wp-json\/wp\/v2\/product\/15711\/revisions\/16219"}],"wp:featuredmedia":[{"embeddable":true,"href":"https:\/\/masterandclean.com.tr\/tr\/wp-json\/wp\/v2\/media\/15804"}],"wp:attachment":[{"href":"https:\/\/masterandclean.com.tr\/tr\/wp-json\/wp\/v2\/media?parent=15711"}],"wp:term":[{"taxonomy":"product_cat","embeddable":true,"href":"https:\/\/masterandclean.com.tr\/tr\/wp-json\/wp\/v2\/product_cat?post=15711"},{"taxonomy":"product_tag","embeddable":true,"href":"https:\/\/masterandclean.com.tr\/tr\/wp-json\/wp\/v2\/product_tag?post=15711"}],"curies":[{"name":"wp","href":"https:\/\/api.w.org\/{rel}","templated":true}]}}