{"id":15709,"date":"2024-04-08T15:42:33","date_gmt":"2024-04-08T12:42:33","guid":{"rendered":"https:\/\/masterandclean.com.tr\/product\/liquid-soap-lux\/"},"modified":"2024-04-25T10:26:49","modified_gmt":"2024-04-25T07:26:49","slug":"liquid-soap-lux-500-ml","status":"publish","type":"product","link":"https:\/\/masterandclean.com.tr\/tr\/urun\/liquid-soap-lux-500-ml\/","title":{"rendered":"SIVI SABUN LUX 500 ml"},"content":{"rendered":"<p>\u00dcR\u00dcN TANIMI: Profesyonel S\u0131v\u0131 Sabun, ellerde hijyen sa\u011flamas\u0131n\u0131n yan\u0131s\u0131ra pH:5,5 oran\u0131 ile cilde uyumludur. Zengin k\u00f6p\u00fc\u011f\u00fc y\u00fcksek miktarda gliserin i\u00e7erir, cildinize ekstra yumu\u015fakl\u0131k sa\u011flar ve kurumay\u0131 engeller ve etkili bir temizlik sa\u011flar. Elle ovu\u015fturarak 20-30 saniye k\u00f6p\u00fcrt\u00fclerek kirin temizlenmesi sa\u011fland\u0131ktan sonra bol su ile durulan\u0131r.<\/p>\n<p>B\u0130LE\u015e\u0130M: Sodium laureth sulfate, Sodium chloride, Cocomide DEA, Cocamidopropyl betaine, Coco glucoside, Glyceryl oleate, Peg7 glyceryl cocoate, Parf\u00fcm, EDTA, Citric acid, Boya, Methylchloroisothiazolinone, Methylisothiazolinone. Folmaldehit i\u00e7ermez.<\/p>\n<p>T\u00dcKET\u0130C\u0130N\u0130N D\u0130KKAT\u0130NE: Kullanma talimat\u0131n\u0131 mutlaka okuyun. Kapa\u011f\u0131n\u0131 kapatmay\u0131 unutmay\u0131n. Ellerinizi y\u0131kad\u0131ktan sonra bol su ile durulay\u0131n. \u00c7ocuklardan uzak tutun. G\u0131da maddeleri temizli\u011finde kullanmay\u0131n. G\u0131da maddeleri ile ayn\u0131 yerde stoklamay\u0131n\u0131z. \u0130\u00e7ilmesi kesinlikle yasakt\u0131r. \u0130\u00e7ilmesi durumunda hemen doktorunuza ba\u015fvurunuz. G\u00f6z ile temas\u0131ndan ka\u00e7\u0131n\u0131n\u0131z.<\/p>","protected":false},"excerpt":{"rendered":"<p>Ellerinizin g\u00fcn boyu temiz ve g\u00fczel kokmas\u0131n\u0131 ister misiniz? Master Clean S\u0131v\u0131 Sabun ile tan\u0131\u015f\u0131n! Zengin i\u00e7eri\u011fi ve ho\u015f kokusuyla cildinize nazik\u00e7e temizlik sa\u011flar, ellerinizi kir ve bakterilerden ar\u0131nd\u0131r\u0131rken cildinizin nem dengesini  korur. Master Clean S\u0131v\u0131 Sabun L\u00fcx ile cildinize hak etti\u011fi \u00f6zeni verin!<\/p>","protected":false},"featured_media":16170,"comment_status":"open","ping_status":"closed","template":"","meta":[],"product_cat":[74],"product_tag":[],"class_list":{"0":"post-15709","1":"product","2":"type-product","3":"status-publish","4":"has-post-thumbnail","6":"product_cat-personal-hygiene-group","7":"pa_weight-500-ml","9":"first","10":"instock","11":"shipping-taxable","12":"product-type-simple"},"_links":{"self":[{"href":"https:\/\/masterandclean.com.tr\/tr\/wp-json\/wp\/v2\/product\/15709","targetHints":{"allow":["GET"]}}],"collection":[{"href":"https:\/\/masterandclean.com.tr\/tr\/wp-json\/wp\/v2\/product"}],"about":[{"href":"https:\/\/masterandclean.com.tr\/tr\/wp-json\/wp\/v2\/types\/product"}],"replies":[{"embeddable":true,"href":"https:\/\/masterandclean.com.tr\/tr\/wp-json\/wp\/v2\/comments?post=15709"}],"version-history":[{"count":3,"href":"https:\/\/masterandclean.com.tr\/tr\/wp-json\/wp\/v2\/product\/15709\/revisions"}],"predecessor-version":[{"id":16252,"href":"https:\/\/masterandclean.com.tr\/tr\/wp-json\/wp\/v2\/product\/15709\/revisions\/16252"}],"wp:featuredmedia":[{"embeddable":true,"href":"https:\/\/masterandclean.com.tr\/tr\/wp-json\/wp\/v2\/media\/16170"}],"wp:attachment":[{"href":"https:\/\/masterandclean.com.tr\/tr\/wp-json\/wp\/v2\/media?parent=15709"}],"wp:term":[{"taxonomy":"product_cat","embeddable":true,"href":"https:\/\/masterandclean.com.tr\/tr\/wp-json\/wp\/v2\/product_cat?post=15709"},{"taxonomy":"product_tag","embeddable":true,"href":"https:\/\/masterandclean.com.tr\/tr\/wp-json\/wp\/v2\/product_tag?post=15709"}],"curies":[{"name":"wp","href":"https:\/\/api.w.org\/{rel}","templated":true}]}}