{"id":15706,"date":"2024-04-08T15:42:32","date_gmt":"2024-04-08T12:42:32","guid":{"rendered":"https:\/\/masterandclean.com.tr\/product\/industrial-dishwasher-rinse-aid\/"},"modified":"2024-04-25T10:30:33","modified_gmt":"2024-04-25T07:30:33","slug":"industrial-dishwasher-rinse-aid","status":"publish","type":"product","link":"https:\/\/masterandclean.com.tr\/tr\/urun\/industrial-dishwasher-rinse-aid\/","title":{"rendered":"END\u00dcSTR\u0130YEL BULA\u015eIK MAK\u0130NASI PARLATICISI"},"content":{"rendered":"<p>B\u0130LE\u015e\u0130M: %5-15 Noniyonik Y\u00fczey Aktif Maddeler, %5 Benzizotiyazolinon.<\/p>\n<p>\u00dcR\u00dcN TANIMI: Sanayi tipi bula\u015f\u0131k makinelerinde dozaj pompas\u0131 ile kullan\u0131l\u0131r. \u0130\u00e7erdi\u011fi y\u00fczey aktif maddeler sayesinde materyallerin \u00fczerindeki y\u00fczey gerilimini d\u00fc\u015f\u00fcr\u00fcp suyun y\u00fczeyde tutunmas\u0131n\u0131 \u00f6nler. \u00dcr\u00fcn do\u011fada biyolojik olarak 'den fazla par\u00e7alanabilir.<\/p>\n<p>KULLANMA TAL\u0130MATI: Bula\u015f\u0131k makinas\u0131nda suyun s\u0131cakl\u0131\u011f\u0131 80-85 derece olmal\u0131d\u0131r. Bula\u015f\u0131klar mikanadan \u00e7\u0131kt\u0131ktan sonra asla bez ile kurulanmamal\u0131d\u0131r. Suyun s\u0131cakl\u0131\u011f\u0131 40 derecenin alt\u0131nda olursa bir miktar k\u00f6p\u00fck olabilir. Is\u0131 y\u00fcksekli\u011finde k\u00f6p\u00fck kaybolur. Tavsiye edilen kullan\u0131m miktar\u0131 1-2 g\/litredir.<\/p>\n<p>T\u00dcKET\u0130C\u0130N\u0130N D\u0130KKAT\u0130NE: Kullanma talimat\u0131n\u0131 mutlaka okuyunuz. \u00c7ocuklar\u0131n ula\u015famayaca\u011f\u0131 yerde depolay\u0131n\u0131z. \u0130\u00e7ilmesi ya da yutulmas\u0131 durumunda doktorunuza ba\u015fvurunuz. M\u00fcmk\u00fcnse etiket \u00f6rne\u011fini doktorunuza g\u00f6steriniz. El, y\u00fcz ve g\u0131da maddelerinin temizli\u011finde kullan\u0131lmaz. Yutulmas\u0131 halinde zararl\u0131d\u0131r. Ciddi cilt yan\u0131klar\u0131na ve g\u00f6z hasar\u0131na yol a\u00e7ar. Cilt tahri\u015fine yol a\u00e7ar. Ciddi g\u00f6z tahri\u015fine yol a\u00e7ar. Sucul ortamda uzun s\u00fcre kal\u0131c\u0131, zararl\u0131 etki. Elle temastan sonra su ile iyice y\u0131kay\u0131n. Koruyucu eldiven, koruyucu k\u0131yafet, g\u00f6z koruyucu\/y\u00fcz koruyucu kullan\u0131n. Kirlenmi\u015f giysilerinizi \u00e7\u0131kar\u0131n ve yeniden kullanmadan \u00f6nce y\u0131kay\u0131n. DER\u0130 \u0130LE TEMAS HAL\u0130NDE ISE: Bol sabun ve su ile y\u0131kay\u0131n.<br \/>\nG\u00d6Z \u0130LE TEMASI HAL\u0130NDE: Su ile birka\u00e7 dakika dikkatlice durulay\u0131n. Tak\u0131l\u0131 ve yapmas\u0131 kolaysa, kontak lensleri \u00e7\u0131kart\u0131n. Durulamaya devam edin.<\/p>","protected":false},"excerpt":{"rendered":"<p>Master Clean Profesyonel End\u00fcstriyel Bula\u015f\u0131k Makinesi Parlat\u0131c\u0131: Bula\u015f\u0131klar\u0131n\u0131zda M\u00fckemmel Parlakl\u0131k.<\/p>","protected":false},"featured_media":15756,"comment_status":"open","ping_status":"closed","template":"","meta":[],"product_cat":[34],"product_tag":[],"class_list":{"0":"post-15706","1":"product","2":"type-product","3":"status-publish","4":"has-post-thumbnail","6":"product_cat-kitchen-hygiene-group","7":"pa_weight-20-kg","9":"first","10":"instock","11":"shipping-taxable","12":"product-type-simple"},"_links":{"self":[{"href":"https:\/\/masterandclean.com.tr\/tr\/wp-json\/wp\/v2\/product\/15706","targetHints":{"allow":["GET"]}}],"collection":[{"href":"https:\/\/masterandclean.com.tr\/tr\/wp-json\/wp\/v2\/product"}],"about":[{"href":"https:\/\/masterandclean.com.tr\/tr\/wp-json\/wp\/v2\/types\/product"}],"replies":[{"embeddable":true,"href":"https:\/\/masterandclean.com.tr\/tr\/wp-json\/wp\/v2\/comments?post=15706"}],"version-history":[{"count":1,"href":"https:\/\/masterandclean.com.tr\/tr\/wp-json\/wp\/v2\/product\/15706\/revisions"}],"predecessor-version":[{"id":15753,"href":"https:\/\/masterandclean.com.tr\/tr\/wp-json\/wp\/v2\/product\/15706\/revisions\/15753"}],"wp:featuredmedia":[{"embeddable":true,"href":"https:\/\/masterandclean.com.tr\/tr\/wp-json\/wp\/v2\/media\/15756"}],"wp:attachment":[{"href":"https:\/\/masterandclean.com.tr\/tr\/wp-json\/wp\/v2\/media?parent=15706"}],"wp:term":[{"taxonomy":"product_cat","embeddable":true,"href":"https:\/\/masterandclean.com.tr\/tr\/wp-json\/wp\/v2\/product_cat?post=15706"},{"taxonomy":"product_tag","embeddable":true,"href":"https:\/\/masterandclean.com.tr\/tr\/wp-json\/wp\/v2\/product_tag?post=15706"}],"curies":[{"name":"wp","href":"https:\/\/api.w.org\/{rel}","templated":true}]}}