{"id":15705,"date":"2024-04-08T15:42:32","date_gmt":"2024-04-08T12:42:32","guid":{"rendered":"https:\/\/masterandclean.com.tr\/product\/industrial-dishwashing-detergent\/"},"modified":"2024-04-25T10:29:57","modified_gmt":"2024-04-25T07:29:57","slug":"industrial-dishwashing-detergent","status":"publish","type":"product","link":"https:\/\/masterandclean.com.tr\/tr\/urun\/industrial-dishwashing-detergent\/","title":{"rendered":"END\u00dcSTR\u0130YEL BULA\u015eIK MAK\u0130NASI DETERJANI"},"content":{"rendered":"<p>B\u0130LE\u015e\u0130M: Sodyum Poliakrilat 1%7 (cas no) 9003-04-7, Sodyum Hidroksit 1%5 (cas no) 1310-73-2, Etilen Diamin Tetra +%\/7 64-02-8<\/p>\n<p>\u00dcR\u00dcN TANIMI: End\u00fcstriyel bula\u015f\u0131k makinalar i\u00e7in \u00fcretilmi\u015f bula\u015f\u0131k y\u0131kama \u00fcr\u00fcn\u00fcd\u00fcr. Sert sularlarda etkilidir. Bula\u015f\u0131klar \u00fczerinde ya\u011f, kir ve lekeleri art\u0131k b\u0131rakmadan temizler. pH, 20 \u00b0C'de =11<\/p>\n<p>KULLANMA TAL\u0130MATI: Sanayi tipi bula\u015f\u0131k makinelerinde dozaj pompas\u0131 ile kullan\u0131l\u0131r. Porselen ve fincanlar\u0131 matla\u015ft\u0131rmadan temizler metal \u00e7atal, ka\u015f\u0131k ve tepsileri karartmaz. Bula\u015f\u0131klar makineye yerle\u015ftirmeden \u00f6nce kaba kirlerden du\u015fla ar\u0131nd\u0131r\u0131l\u0131r. Y\u0131kama s\u0131cakl\u0131\u011f\u0131 50-60 \u00b0C olmal\u0131d\u0131r. Su sertli\u011fi 0-7, 1-14, 14-21, 21-dozaj g\/l 2-3, 3-5, 5-7, 7-9.<br \/>\nT\u00dcKET\u0130C\u0130N\u0130N D\u0130KKAT\u0130NE: Kullanma talimat\u0131n\u0131 mutlaka okuyunuz. \u00c7ocuklar\u0131n ula\u015famayaca\u011f\u0131 yerde depolay\u0131n\u0131z. \u0130\u00e7ilmesi ya da yutulmas\u0131 durumunda doktorunuza ba\u015fvurunuz. M\u00fcmk\u00fcnse etiket \u00f6rne\u011fini doktorunuza g\u00f6steriniz. El, y\u00fcz ve g\u0131da maddelerinin temizli\u011finde kullan\u0131lmaz. Yutulmas\u0131 halinde zararl\u0131d\u0131r. Ciddi cilt yan\u0131klar\u0131na ve g\u00f6z hasar\u0131na yol a\u00e7ar. Ciddi g\u00f6z hasar\u0131na yol a\u00e7ar. Ciddi g\u00f6z tahri\u015fine yol a\u00e7ar. Buhar\u0131n\u0131 solumay\u0131n. Elle temastan sonra su ile y\u0131kay\u0131n. Koruyucu eldiven, koruyucu k\u0131yafet, g\u00f6z koruyucu\/y\u00fcz koruyucu kullan\u0131n. SOLUNDU\u011eUNDA: Zarar g\u00f6ren ki\u015fiyi temiz havaya \u00e7\u0131kar\u0131n ve kolay bi\u00e7imde nefes almas\u0131 i\u00e7in rahat bir pozisyonda tutun. YUTULDU\u011eUNDA: A\u011fz\u0131n\u0131z\u0131 \u00e7alkalay\u0131n. \u0130stifra etmeye \u00c7ALI\u015eMAYIN.<br \/>\nDER\u0130 (veya sa\u00e7) \u0130LE TEMAS HAL\u0130NDE \u0130SE: Kirlenmi\u015f t\u00fcm giysilerinizi hemen kald\u0131r\u0131n\/\u00e7\u0131kar\u0131n. Cildinizi su\/du\u015f ile durulay\u0131n.<br \/>\nG\u00d6Z \u0130LE TEMASI HAL\u0130NDE: Su ile birka\u00e7 dakika dikkatlice durulay\u0131n. Tak\u0131l\u0131 ve yapmas\u0131 kolaysa, kontak lensleri \u00e7\u0131kar\u0131n. Durulamaya devam edin.<\/p>","protected":false},"excerpt":{"rendered":"<p>Master Clean Professional End\u00fcstriyel Bula\u015f\u0131k Makinesi Deterjan\u0131: Profesyonel mutfaklarda en zorlu kirleri bile kolayca temizleyen, bula\u015f\u0131klar\u0131n\u0131zda kusursuz temizlik sa\u011flayan g\u00fc\u00e7l\u00fc bir deterjand\u0131r.<\/p>","protected":false},"featured_media":15750,"comment_status":"open","ping_status":"closed","template":"","meta":[],"product_cat":[34],"product_tag":[],"class_list":{"0":"post-15705","1":"product","2":"type-product","3":"status-publish","4":"has-post-thumbnail","6":"product_cat-kitchen-hygiene-group","7":"pa_weight-20-kg","9":"first","10":"instock","11":"shipping-taxable","12":"product-type-simple"},"_links":{"self":[{"href":"https:\/\/masterandclean.com.tr\/tr\/wp-json\/wp\/v2\/product\/15705","targetHints":{"allow":["GET"]}}],"collection":[{"href":"https:\/\/masterandclean.com.tr\/tr\/wp-json\/wp\/v2\/product"}],"about":[{"href":"https:\/\/masterandclean.com.tr\/tr\/wp-json\/wp\/v2\/types\/product"}],"replies":[{"embeddable":true,"href":"https:\/\/masterandclean.com.tr\/tr\/wp-json\/wp\/v2\/comments?post=15705"}],"version-history":[{"count":1,"href":"https:\/\/masterandclean.com.tr\/tr\/wp-json\/wp\/v2\/product\/15705\/revisions"}],"predecessor-version":[{"id":15752,"href":"https:\/\/masterandclean.com.tr\/tr\/wp-json\/wp\/v2\/product\/15705\/revisions\/15752"}],"wp:featuredmedia":[{"embeddable":true,"href":"https:\/\/masterandclean.com.tr\/tr\/wp-json\/wp\/v2\/media\/15750"}],"wp:attachment":[{"href":"https:\/\/masterandclean.com.tr\/tr\/wp-json\/wp\/v2\/media?parent=15705"}],"wp:term":[{"taxonomy":"product_cat","embeddable":true,"href":"https:\/\/masterandclean.com.tr\/tr\/wp-json\/wp\/v2\/product_cat?post=15705"},{"taxonomy":"product_tag","embeddable":true,"href":"https:\/\/masterandclean.com.tr\/tr\/wp-json\/wp\/v2\/product_tag?post=15705"}],"curies":[{"name":"wp","href":"https:\/\/api.w.org\/{rel}","templated":true}]}}