{"id":16375,"date":"2024-04-26T14:58:42","date_gmt":"2024-04-26T11:58:42","guid":{"rendered":"https:\/\/masterandclean.com.tr\/?page_id=16375"},"modified":"2024-04-27T09:34:52","modified_gmt":"2024-04-27T06:34:52","slug":"bleach","status":"publish","type":"page","link":"https:\/\/masterandclean.com.tr\/tr\/bleach\/","title":{"rendered":"\u00c7AMA\u015eIR SUYU"},"content":{"rendered":"<div data-elementor-type=\"wp-page\" data-elementor-id=\"16375\" class=\"elementor elementor-16375\" data-elementor-post-type=\"page\">\n\t\t\t\t<div class=\"wd-negative-gap elementor-element elementor-element-55f3892 e-flex e-con-boxed wd-section-disabled e-con e-parent\" data-id=\"55f3892\" data-element_type=\"container\" data-core-v316-plus=\"true\">\n\t\t\t\t\t<div class=\"e-con-inner\">\n\t\t<div class=\"elementor-element elementor-element-4e78ed6 e-con-full elementor-hidden-mobile e-flex wd-section-disabled e-con e-child\" data-id=\"4e78ed6\" data-element_type=\"container\">\n\t\t\t\t<div class=\"elementor-element elementor-element-781c66c elementor-widget elementor-widget-wd_title\" data-id=\"781c66c\" data-element_type=\"widget\" data-widget_type=\"wd_title.default\">\n\t\t\t\t<div class=\"elementor-widget-container\">\n\t\t\t\t\t<div class=\"title-wrapper set-mb-s reset-last-child wd-title-color-default wd-title-style-default wd-title-size-default text-left\">\n\n\t\t\t\n\t\t\t<div class=\"liner-continer\">\n\t\t\t\t<h4 class=\"woodmart-title-container title wd-fontsize-l\">\u00dcR\u00dcN KATEGOR\u0130LER\u0130<\/h4> \n\t\t\t\t\t\t\t<\/div>\n\n\t\t\t\t\t<\/div>\n\t\t\t\t<\/div>\n\t\t\t\t<\/div>\n\t\t\t\t<div class=\"elementor-element elementor-element-5f27789 elementor-widget elementor-widget-wd_extra_menu_list\" data-id=\"5f27789\" data-element_type=\"widget\" data-widget_type=\"wd_extra_menu_list.default\">\n\t\t\t\t<div class=\"elementor-widget-container\">\n\t\t\t\t\t\t<ul class=\"wd-sub-menu  mega-menu-list\">\n\t\t\t\t<li class=\"item-with-label item-label-red\">\n\t\t\t\t\t\t\t\t\t\t\t<a  href=\"https:\/\/masterandclean.com.tr\/tr\/urun-kategori\/general-cleaning-group\/\">\n\t\t\t\t\t\t\t\t\t\t\t\t\t\t\t\t\t\t\t\t\t\t\n\t\t\t\t\t\t\t\t\t\t\t\t\t\t\tGENEL TEM\u0130ZL\u0130K GRUBU\t\t\t\t\t\t\t\n\t\t\t\t\t\t\t\t\t\t\t\t\t<\/a>\n\t\t\t\t\t\n\t\t\t\t\t<ul class=\"sub-sub-menu\">\n\t\t\t\t\t\t\t\t\t\t\t\t\t\n\t\t\t\t\t\t\t<li class=\"item-with-label item-label-primary\">\n\t\t\t\t\t\t\t\t<a  href=\"https:\/\/masterandclean.com.tr\/tr\/bleach\/\">\n\t\t\t\t\t\t\t\t\t\t\t\t\t\t\t\t\t\t\t\t\t\t\t\t\t\t\t\t\n\t\t\t\t\t\t\t\t\t\t\t\t\t\t\t\t\t\t\t\u00c7AMA\u015eIR SUYU\t\t\t\t\t\t\t\t\t\n\t\t\t\t\t\t\t\t\t\t\t\t\t\t\t\t\t<\/a>\n\t\t\t\t\t\t\t<\/li>\n\t\t\t\t\t\t\t\t\t\t\t\t\t\n\t\t\t\t\t\t\t<li class=\"item-with-label item-label-green\">\n\t\t\t\t\t\t\t\t<a  href=\"https:\/\/masterandclean.com.tr\/tr\/lime-remover\/\">\n\t\t\t\t\t\t\t\t\t\t\t\t\t\t\t\t\t\t\t\t\t\t\t\t\t\t\t\t\n\t\t\t\t\t\t\t\t\t\t\t\t\t\t\t\t\t\t\tK\u0130RE\u00c7 \u00c7\u00d6Z\u00dcC\u00dc\t\t\t\t\t\t\t\t\t\n\t\t\t\t\t\t\t\t\t\t\t\t\t\t\t\t\t<\/a>\n\t\t\t\t\t\t\t<\/li>\n\t\t\t\t\t\t\t\t\t\t\t\t\t\n\t\t\t\t\t\t\t<li class=\"item-with-label item-label-primary\">\n\t\t\t\t\t\t\t\t<a  href=\"https:\/\/masterandclean.com.tr\/tr\/surface-cleaner-pine\/\">\n\t\t\t\t\t\t\t\t\t\t\t\t\t\t\t\t\t\t\t\t\t\t\t\t\t\t\t\t\n\t\t\t\t\t\t\t\t\t\t\t\t\t\t\t\t\t\t\tY\u00dcZEY TEM\u0130ZLEY\u0130C\u0130 - PINE\t\t\t\t\t\t\t\t\t\n\t\t\t\t\t\t\t\t\t\t\t\t\t\t\t\t\t<\/a>\n\t\t\t\t\t\t\t<\/li>\n\t\t\t\t\t\t\t\t\t\t\t\t\t\n\t\t\t\t\t\t\t<li class=\"item-with-label item-label-primary\">\n\t\t\t\t\t\t\t\t<a  href=\"https:\/\/masterandclean.com.tr\/tr\/surface-cleaner-lavender\/\">\n\t\t\t\t\t\t\t\t\t\t\t\t\t\t\t\t\t\t\t\t\t\t\t\t\t\t\t\t\n\t\t\t\t\t\t\t\t\t\t\t\t\t\t\t\t\t\t\tY\u00dcZEY TEM\u0130ZLEY\u0130C\u0130 - LAVANTA\t\t\t\t\t\t\t\t\t\n\t\t\t\t\t\t\t\t\t\t\t\t\t\t\t\t\t<\/a>\n\t\t\t\t\t\t\t<\/li>\n\t\t\t\t\t\t\t\t\t\t\t<\/ul>\n\t\t\t\t<\/li>\n\t\t\t<\/ul>\n\t\t\t\t<\/div>\n\t\t\t\t<\/div>\n\t\t\t\t<div class=\"elementor-element elementor-element-2d59f82 elementor-widget elementor-widget-wd_extra_menu_list\" data-id=\"2d59f82\" data-element_type=\"widget\" data-widget_type=\"wd_extra_menu_list.default\">\n\t\t\t\t<div class=\"elementor-widget-container\">\n\t\t\t\t\t\t<ul class=\"wd-sub-menu  mega-menu-list\">\n\t\t\t\t<li class=\"item-with-label item-label-red\">\n\t\t\t\t\t\t\t\t\t\t\t<a  href=\"https:\/\/masterandclean.com.tr\/tr\/urun-kategori\/kitchen-hygiene-group\/\">\n\t\t\t\t\t\t\t\t\t\t\t\t\t\t\t\t\t\t\t\t\t\t\n\t\t\t\t\t\t\t\t\t\t\t\t\t\t\tMUTFAK H\u0130JYEN GRUBU\t\t\t\t\t\t\t\n\t\t\t\t\t\t\t\t\t\t\t\t\t<\/a>\n\t\t\t\t\t\n\t\t\t\t\t<ul class=\"sub-sub-menu\">\n\t\t\t\t\t\t\t\t\t\t\t\t\t\n\t\t\t\t\t\t\t<li class=\"item-with-label item-label-primary\">\n\t\t\t\t\t\t\t\t<a  href=\"https:\/\/masterandclean.com.tr\/tr\/hand-dishwashing-detergent-premium-lemon\/\">\n\t\t\t\t\t\t\t\t\t\t\t\t\t\t\t\t\t\t\t\t\t\t\t\t\t\t\t\t\n\t\t\t\t\t\t\t\t\t\t\t\t\t\t\t\t\t\t\tELDE BULA\u015eIK DETERJANI PREMIUM - L\u0130MONLU\t\t\t\t\t\t\t\t\t\n\t\t\t\t\t\t\t\t\t\t\t\t\t\t\t\t\t<\/a>\n\t\t\t\t\t\t\t<\/li>\n\t\t\t\t\t\t\t\t\t\t\t\t\t\n\t\t\t\t\t\t\t<li class=\"item-with-label item-label-green\">\n\t\t\t\t\t\t\t\t<a  href=\"https:\/\/masterandclean.com.tr\/tr\/industrial-dishwashing-detergent\/\">\n\t\t\t\t\t\t\t\t\t\t\t\t\t\t\t\t\t\t\t\t\t\t\t\t\t\t\t\t\n\t\t\t\t\t\t\t\t\t\t\t\t\t\t\t\t\t\t\tEND\u00dcSTR\u0130YEL BULA\u015eIK MAK\u0130NASI DETERJANI\t\t\t\t\t\t\t\t\t\n\t\t\t\t\t\t\t\t\t\t\t\t\t\t\t\t\t<\/a>\n\t\t\t\t\t\t\t<\/li>\n\t\t\t\t\t\t\t\t\t\t\t\t\t\n\t\t\t\t\t\t\t<li class=\"item-with-label item-label-primary\">\n\t\t\t\t\t\t\t\t<a  href=\"https:\/\/masterandclean.com.tr\/tr\/industrial-dishwasher-rinse-aid\/\">\n\t\t\t\t\t\t\t\t\t\t\t\t\t\t\t\t\t\t\t\t\t\t\t\t\t\t\t\t\n\t\t\t\t\t\t\t\t\t\t\t\t\t\t\t\t\t\t\tEND\u00dcSTR\u0130YEL BULA\u015eIK MAK\u0130NASI PARLATICISI\t\t\t\t\t\t\t\t\t\n\t\t\t\t\t\t\t\t\t\t\t\t\t\t\t\t\t<\/a>\n\t\t\t\t\t\t\t<\/li>\n\t\t\t\t\t\t\t\t\t\t\t\t\t\n\t\t\t\t\t\t\t<li class=\"item-with-label item-label-primary\">\n\t\t\t\t\t\t\t\t<a  href=\"https:\/\/masterandclean.com.tr\/tr\/oil-solubiliser\/\">\n\t\t\t\t\t\t\t\t\t\t\t\t\t\t\t\t\t\t\t\t\t\t\t\t\t\t\t\t\n\t\t\t\t\t\t\t\t\t\t\t\t\t\t\t\t\t\t\tYA\u011e \u00c7\u00d6Z\u00dcC\u00dc\t\t\t\t\t\t\t\t\t\n\t\t\t\t\t\t\t\t\t\t\t\t\t\t\t\t\t<\/a>\n\t\t\t\t\t\t\t<\/li>\n\t\t\t\t\t\t\t\t\t\t\t\t\t\n\t\t\t\t\t\t\t<li class=\"item-with-label item-label-primary\">\n\t\t\t\t\t\t\t\t<a  href=\"https:\/\/masterandclean.com.tr\/tr\/hand-dishwashing-detergent\/\">\n\t\t\t\t\t\t\t\t\t\t\t\t\t\t\t\t\t\t\t\t\t\t\t\t\t\t\t\t\n\t\t\t\t\t\t\t\t\t\t\t\t\t\t\t\t\t\t\tELDE BULA\u015eIK DETERJANI\t\t\t\t\t\t\t\t\t\n\t\t\t\t\t\t\t\t\t\t\t\t\t\t\t\t\t<\/a>\n\t\t\t\t\t\t\t<\/li>\n\t\t\t\t\t\t\t\t\t\t\t<\/ul>\n\t\t\t\t<\/li>\n\t\t\t<\/ul>\n\t\t\t\t<\/div>\n\t\t\t\t<\/div>\n\t\t\t\t<div class=\"elementor-element elementor-element-d4f6fce elementor-widget elementor-widget-wd_extra_menu_list\" data-id=\"d4f6fce\" data-element_type=\"widget\" data-widget_type=\"wd_extra_menu_list.default\">\n\t\t\t\t<div class=\"elementor-widget-container\">\n\t\t\t\t\t\t<ul class=\"wd-sub-menu  mega-menu-list\">\n\t\t\t\t<li class=\"item-with-label item-label-red\">\n\t\t\t\t\t\t\t\t\t\t\t<a  href=\"https:\/\/masterandclean.com.tr\/tr\/urun-kategori\/personal-hygiene-group\/\">\n\t\t\t\t\t\t\t\t\t\t\t\t\t\t\t\t\t\t\t\t\t\t\n\t\t\t\t\t\t\t\t\t\t\t\t\t\t\tK\u0130\u015e\u0130SEL H\u0130JYEN GRUBU\t\t\t\t\t\t\t\n\t\t\t\t\t\t\t\t\t\t\t\t\t<\/a>\n\t\t\t\t\t\n\t\t\t\t\t<ul class=\"sub-sub-menu\">\n\t\t\t\t\t\t\t\t\t\t\t\t\t\n\t\t\t\t\t\t\t<li class=\"item-with-label item-label-primary\">\n\t\t\t\t\t\t\t\t<a  href=\"https:\/\/masterandclean.com.tr\/tr\/foam-soap\/\">\n\t\t\t\t\t\t\t\t\t\t\t\t\t\t\t\t\t\t\t\t\t\t\t\t\t\t\t\t\n\t\t\t\t\t\t\t\t\t\t\t\t\t\t\t\t\t\t\tK\u00d6P\u00dcK SABUN\t\t\t\t\t\t\t\t\t\n\t\t\t\t\t\t\t\t\t\t\t\t\t\t\t\t\t<\/a>\n\t\t\t\t\t\t\t<\/li>\n\t\t\t\t\t\t\t\t\t\t\t\t\t\n\t\t\t\t\t\t\t<li class=\"item-with-label item-label-green\">\n\t\t\t\t\t\t\t\t<a  href=\"https:\/\/masterandclean.com.tr\/tr\/liquid-soap-lux\/\">\n\t\t\t\t\t\t\t\t\t\t\t\t\t\t\t\t\t\t\t\t\t\t\t\t\t\t\t\t\n\t\t\t\t\t\t\t\t\t\t\t\t\t\t\t\t\t\t\tSIVI SABUN LUX\t\t\t\t\t\t\t\t\t\n\t\t\t\t\t\t\t\t\t\t\t\t\t\t\t\t\t<\/a>\n\t\t\t\t\t\t\t<\/li>\n\t\t\t\t\t\t\t\t\t\t\t\t\t\n\t\t\t\t\t\t\t<li class=\"item-with-label item-label-primary\">\n\t\t\t\t\t\t\t\t<a  href=\"https:\/\/masterandclean.com.tr\/tr\/liquid-soap-japanese-cherry\/\">\n\t\t\t\t\t\t\t\t\t\t\t\t\t\t\t\t\t\t\t\t\t\t\t\t\t\t\t\t\n\t\t\t\t\t\t\t\t\t\t\t\t\t\t\t\t\t\t\tSIVI SABUN - JAPON K\u0130RAZI\t\t\t\t\t\t\t\t\t\n\t\t\t\t\t\t\t\t\t\t\t\t\t\t\t\t\t<\/a>\n\t\t\t\t\t\t\t<\/li>\n\t\t\t\t\t\t\t\t\t\t\t<\/ul>\n\t\t\t\t<\/li>\n\t\t\t<\/ul>\n\t\t\t\t<\/div>\n\t\t\t\t<\/div>\n\t\t\t\t<\/div>\n\t\t<div class=\"elementor-element elementor-element-0b0f731 e-con-full e-flex wd-section-disabled e-con e-child\" data-id=\"0b0f731\" data-element_type=\"container\">\n\t\t\t\t<div class=\"elementor-element elementor-element-d5e5d82 elementor-grid-3 elementor-grid-tablet-3 elementor-grid-mobile-2 elementor-products-grid elementor-wc-products elementor-widget elementor-widget-woocommerce-products\" data-id=\"d5e5d82\" data-element_type=\"widget\" data-widget_type=\"woocommerce-products.default\">\n\t\t\t\t<div class=\"elementor-widget-container\">\n\t\t\t<link rel=\"stylesheet\" href=\"https:\/\/masterandclean.com.tr\/wp-content\/plugins\/elementor-pro-3.19.3\/assets\/css\/widget-woocommerce.min.css\"><div class=\"woocommerce columns-3\">\n<div class=\"products elements-grid wd-products-holder  wd-spacing-20 grid-columns-3 wd-quantity-enabled pagination-pagination align-items-start row\" data-source=\"main_loop\" data-min_price=\"\" data-max_price=\"\" data-columns=\"3\">\n<div class=\"product-grid-item product wd-hover-quick  col-lg-4 col-md-4 col-6 first  type-product post-15703 status-publish instock product_cat-general-cleaning-group has-post-thumbnail shipping-taxable product-type-simple\" data-loop=\"1\" data-id=\"15703\">\n\t\n\t\n<div class=\"product-wrapper\">\n\t<div class=\"product-element-top wd-quick-shop\">\n\t\t<a href=\"https:\/\/masterandclean.com.tr\/tr\/urun\/bleach-1-kg\/\" class=\"product-image-link\">\n\t\t\t<img fetchpriority=\"high\" decoding=\"async\" width=\"430\" height=\"430\" src=\"https:\/\/masterandclean.com.tr\/wp-content\/uploads\/2024\/04\/CAMASIR-SUYU-1-L-1Giydirilmis.jpg\" class=\"attachment-woocommerce_thumbnail size-woocommerce_thumbnail\" alt=\"\" srcset=\"https:\/\/masterandclean.com.tr\/wp-content\/uploads\/2024\/04\/CAMASIR-SUYU-1-L-1Giydirilmis.jpg 700w, https:\/\/masterandclean.com.tr\/wp-content\/uploads\/2024\/04\/CAMASIR-SUYU-1-L-1Giydirilmis-300x300.jpg 300w, https:\/\/masterandclean.com.tr\/wp-content\/uploads\/2024\/04\/CAMASIR-SUYU-1-L-1Giydirilmis-150x150.jpg 150w, https:\/\/masterandclean.com.tr\/wp-content\/uploads\/2024\/04\/CAMASIR-SUYU-1-L-1Giydirilmis-430x430.jpg 430w\" sizes=\"(max-width: 430px) 100vw, 430px\" \/>\t\t<\/a>\n\n\t\t\t\t\t<div class=\"hover-img\">\n\t\t\t\t<a href=\"https:\/\/masterandclean.com.tr\/tr\/urun\/bleach-1-kg\/\">\n\t\t\t\t\t<img decoding=\"async\" width=\"430\" height=\"430\" src=\"https:\/\/masterandclean.com.tr\/wp-content\/uploads\/2024\/04\/CAMASIR-SUYU-1-L-1Giydirilmis-430x430.jpg\" class=\"attachment-woocommerce_thumbnail size-woocommerce_thumbnail\" alt=\"\" srcset=\"https:\/\/masterandclean.com.tr\/wp-content\/uploads\/2024\/04\/CAMASIR-SUYU-1-L-1Giydirilmis-430x430.jpg 430w, https:\/\/masterandclean.com.tr\/wp-content\/uploads\/2024\/04\/CAMASIR-SUYU-1-L-1Giydirilmis-300x300.jpg 300w, https:\/\/masterandclean.com.tr\/wp-content\/uploads\/2024\/04\/CAMASIR-SUYU-1-L-1Giydirilmis-150x150.jpg 150w, https:\/\/masterandclean.com.tr\/wp-content\/uploads\/2024\/04\/CAMASIR-SUYU-1-L-1Giydirilmis.jpg 700w\" sizes=\"(max-width: 430px) 100vw, 430px\" \/>\t\t\t\t<\/a>\n\t\t\t<\/div>\n\t\t\t\t\t<div class=\"wd-buttons wd-pos-r-t\">\n\t\t\t\t\t\t\t\t<div class=\"wd-compare-btn product-compare-button wd-action-btn wd-style-icon wd-compare-icon\">\n\t\t\t<a href=\"https:\/\/masterandclean.com.tr\/tr\/compare\/\" data-id=\"15703\" rel=\"nofollow\" data-added-text=\"Compare products\">\n\t\t\t\t<span>Compare<\/span>\n\t\t\t<\/a>\n\t\t<\/div>\n\t\t\t\t\t\t\t<div class=\"quick-view wd-action-btn wd-style-icon wd-quick-view-icon\">\n\t\t\t<a\n\t\t\t\thref=\"https:\/\/masterandclean.com.tr\/tr\/urun\/bleach-1-kg\/\"\n\t\t\t\tclass=\"open-quick-view quick-view-button\"\n\t\t\t\trel=\"nofollow\"\n\t\t\t\tdata-id=\"15703\"\n\t\t\t\t>Quick view<\/a>\n\t\t<\/div>\n\t\t\t\t\t\t\t\t<div class=\"wd-wishlist-btn wd-action-btn wd-style-icon wd-wishlist-icon\">\n\t\t\t\t<a class=\"\" href=\"https:\/\/masterandclean.com.tr\/tr\/wishlist\/\" data-key=\"9d5b9cea0e\" data-product-id=\"15703\" rel=\"nofollow\" data-added-text=\"Browse Wishlist\">\n\t\t\t\t\t<span>Add to wishlist<\/span>\n\t\t\t\t<\/a>\n\t\t\t<\/div>\n\t\t\t\t<\/div>\n\n\t\t\t\t\t<div class=\"wd-add-btn wd-add-btn-replace\">\n\t\t\t\t\t\t\t\t\t\t\t\t\t\n\t\t\t\t<a href=\"https:\/\/masterandclean.com.tr\/tr\/urun\/bleach-1-kg\/\" data-quantity=\"1\" class=\"button product_type_simple add-to-cart-loop\" data-product_id=\"15703\" data-product_sku=\"MC-01\" aria-label=\"\u201cBLEACH 1 kg\u201d hakk\u0131nda daha fazla bilgi edinin\" aria-describedby=\"\" rel=\"nofollow\" data-no-translation-aria-label=\"\"><span data-no-translation=\"\" data-trp-gettext=\"\">Devam\u0131n\u0131 oku<\/span><\/a>\t\t\t\t\t\t\t<\/div>\n\t\t\t<\/div>\n\t\t\t<h3 class=\"wd-entities-title\"><a href=\"https:\/\/masterandclean.com.tr\/tr\/urun\/bleach-1-kg\/\">\u00c7AMA\u015eIR SUYU 1 kg<\/a><\/h3>\n\t\t\t<div class=\"wd-product-cats\">\n\t\t\t<a href=\"https:\/\/masterandclean.com.tr\/tr\/urun-kategori\/general-cleaning-group\/\" rel=\"tag\">GENEL TEM\u0130ZL\u0130K GRUBU<\/a>\t\t<\/div>\n\t\t\t\t\n\n\t\n\t\n\t\t<\/div>\n<\/div>\n<div class=\"product-grid-item product wd-hover-quick  col-lg-4 col-md-4 col-6 type-product post-16277 status-publish last instock product_cat-general-cleaning-group has-post-thumbnail shipping-taxable product-type-simple\" data-loop=\"2\" data-id=\"16277\">\n\t\n\t\n<div class=\"product-wrapper\">\n\t<div class=\"product-element-top wd-quick-shop\">\n\t\t<a href=\"https:\/\/masterandclean.com.tr\/tr\/urun\/bleach-2-kg\/\" class=\"product-image-link\">\n\t\t\t<img decoding=\"async\" width=\"430\" height=\"430\" src=\"https:\/\/masterandclean.com.tr\/wp-content\/uploads\/2024\/04\/Ing-CAMASIR-SUYU-2-KG-430x430.jpg\" class=\"attachment-woocommerce_thumbnail size-woocommerce_thumbnail\" alt=\"\" srcset=\"https:\/\/masterandclean.com.tr\/wp-content\/uploads\/2024\/04\/Ing-CAMASIR-SUYU-2-KG-430x430.jpg 430w, https:\/\/masterandclean.com.tr\/wp-content\/uploads\/2024\/04\/Ing-CAMASIR-SUYU-2-KG-300x300.jpg 300w, https:\/\/masterandclean.com.tr\/wp-content\/uploads\/2024\/04\/Ing-CAMASIR-SUYU-2-KG-150x150.jpg 150w, https:\/\/masterandclean.com.tr\/wp-content\/uploads\/2024\/04\/Ing-CAMASIR-SUYU-2-KG.jpg 700w\" sizes=\"(max-width: 430px) 100vw, 430px\" \/>\t\t<\/a>\n\n\t\t\t\t\t<div class=\"hover-img\">\n\t\t\t\t<a href=\"https:\/\/masterandclean.com.tr\/tr\/urun\/bleach-2-kg\/\">\n\t\t\t\t\t<img loading=\"lazy\" decoding=\"async\" width=\"430\" height=\"430\" src=\"https:\/\/masterandclean.com.tr\/wp-content\/uploads\/2024\/04\/CAMASIR-SUYU-2-KG-1Giydirilmis.jpg\" class=\"attachment-woocommerce_thumbnail size-woocommerce_thumbnail\" alt=\"\" srcset=\"https:\/\/masterandclean.com.tr\/wp-content\/uploads\/2024\/04\/CAMASIR-SUYU-2-KG-1Giydirilmis.jpg 700w, https:\/\/masterandclean.com.tr\/wp-content\/uploads\/2024\/04\/CAMASIR-SUYU-2-KG-1Giydirilmis-300x300.jpg 300w, https:\/\/masterandclean.com.tr\/wp-content\/uploads\/2024\/04\/CAMASIR-SUYU-2-KG-1Giydirilmis-150x150.jpg 150w, https:\/\/masterandclean.com.tr\/wp-content\/uploads\/2024\/04\/CAMASIR-SUYU-2-KG-1Giydirilmis-430x430.jpg 430w\" sizes=\"(max-width: 430px) 100vw, 430px\" \/>\t\t\t\t<\/a>\n\t\t\t<\/div>\n\t\t\t\t\t<div class=\"wd-buttons wd-pos-r-t\">\n\t\t\t\t\t\t\t\t<div class=\"wd-compare-btn product-compare-button wd-action-btn wd-style-icon wd-compare-icon\">\n\t\t\t<a href=\"https:\/\/masterandclean.com.tr\/tr\/compare\/\" data-id=\"16277\" rel=\"nofollow\" data-added-text=\"Compare products\">\n\t\t\t\t<span>Compare<\/span>\n\t\t\t<\/a>\n\t\t<\/div>\n\t\t\t\t\t\t\t<div class=\"quick-view wd-action-btn wd-style-icon wd-quick-view-icon\">\n\t\t\t<a\n\t\t\t\thref=\"https:\/\/masterandclean.com.tr\/tr\/urun\/bleach-2-kg\/\"\n\t\t\t\tclass=\"open-quick-view quick-view-button\"\n\t\t\t\trel=\"nofollow\"\n\t\t\t\tdata-id=\"16277\"\n\t\t\t\t>Quick view<\/a>\n\t\t<\/div>\n\t\t\t\t\t\t\t\t<div class=\"wd-wishlist-btn wd-action-btn wd-style-icon wd-wishlist-icon\">\n\t\t\t\t<a class=\"\" href=\"https:\/\/masterandclean.com.tr\/tr\/wishlist\/\" data-key=\"9d5b9cea0e\" data-product-id=\"16277\" rel=\"nofollow\" data-added-text=\"Browse Wishlist\">\n\t\t\t\t\t<span>Add to wishlist<\/span>\n\t\t\t\t<\/a>\n\t\t\t<\/div>\n\t\t\t\t<\/div>\n\n\t\t\t\t\t<div class=\"wd-add-btn wd-add-btn-replace\">\n\t\t\t\t\t\t\t\t\t\t\t\t\t\n\t\t\t\t<a href=\"https:\/\/masterandclean.com.tr\/tr\/urun\/bleach-2-kg\/\" data-quantity=\"1\" class=\"button product_type_simple add-to-cart-loop\" data-product_id=\"16277\" data-product_sku=\"MC-01-1\" aria-label=\"\u201cBLEACH 2 kg\u201d hakk\u0131nda daha fazla bilgi edinin\" aria-describedby=\"\" rel=\"nofollow\" data-no-translation-aria-label=\"\"><span data-no-translation=\"\" data-trp-gettext=\"\">Devam\u0131n\u0131 oku<\/span><\/a>\t\t\t\t\t\t\t<\/div>\n\t\t\t<\/div>\n\t\t\t<h3 class=\"wd-entities-title\"><a href=\"https:\/\/masterandclean.com.tr\/tr\/urun\/bleach-2-kg\/\">\u00c7AMA\u015eIR SUYU 2 kg<\/a><\/h3>\n\t\t\t<div class=\"wd-product-cats\">\n\t\t\t<a href=\"https:\/\/masterandclean.com.tr\/tr\/urun-kategori\/general-cleaning-group\/\" rel=\"tag\">GENEL TEM\u0130ZL\u0130K GRUBU<\/a>\t\t<\/div>\n\t\t\t\t\n\n\t\n\t\n\t\t<\/div>\n<\/div>\n<div class=\"product-grid-item product wd-hover-quick  col-lg-4 col-md-4 col-6 last  type-product post-16283 status-publish first instock product_cat-general-cleaning-group has-post-thumbnail shipping-taxable product-type-simple\" data-loop=\"3\" data-id=\"16283\">\n\t\n\t\n<div class=\"product-wrapper\">\n\t<div class=\"product-element-top wd-quick-shop\">\n\t\t<a href=\"https:\/\/masterandclean.com.tr\/tr\/urun\/bleach-5-kg\/\" class=\"product-image-link\">\n\t\t\t<img loading=\"lazy\" decoding=\"async\" width=\"430\" height=\"430\" src=\"https:\/\/masterandclean.com.tr\/wp-content\/uploads\/2024\/04\/Ing-CAMASIR-SUYU-5-KG-01-430x430.jpg\" class=\"attachment-woocommerce_thumbnail size-woocommerce_thumbnail\" alt=\"\" srcset=\"https:\/\/masterandclean.com.tr\/wp-content\/uploads\/2024\/04\/Ing-CAMASIR-SUYU-5-KG-01-430x430.jpg 430w, https:\/\/masterandclean.com.tr\/wp-content\/uploads\/2024\/04\/Ing-CAMASIR-SUYU-5-KG-01-300x300.jpg 300w, https:\/\/masterandclean.com.tr\/wp-content\/uploads\/2024\/04\/Ing-CAMASIR-SUYU-5-KG-01-150x150.jpg 150w, https:\/\/masterandclean.com.tr\/wp-content\/uploads\/2024\/04\/Ing-CAMASIR-SUYU-5-KG-01.jpg 700w\" sizes=\"(max-width: 430px) 100vw, 430px\" \/>\t\t<\/a>\n\n\t\t\t\t\t<div class=\"hover-img\">\n\t\t\t\t<a href=\"https:\/\/masterandclean.com.tr\/tr\/urun\/bleach-5-kg\/\">\n\t\t\t\t\t<img loading=\"lazy\" decoding=\"async\" width=\"430\" height=\"430\" src=\"https:\/\/masterandclean.com.tr\/wp-content\/uploads\/2024\/04\/CAMASIR-SUYU-5-KG-1.jpg\" class=\"attachment-woocommerce_thumbnail size-woocommerce_thumbnail\" alt=\"\" srcset=\"https:\/\/masterandclean.com.tr\/wp-content\/uploads\/2024\/04\/CAMASIR-SUYU-5-KG-1.jpg 700w, https:\/\/masterandclean.com.tr\/wp-content\/uploads\/2024\/04\/CAMASIR-SUYU-5-KG-1-300x300.jpg 300w, https:\/\/masterandclean.com.tr\/wp-content\/uploads\/2024\/04\/CAMASIR-SUYU-5-KG-1-150x150.jpg 150w, https:\/\/masterandclean.com.tr\/wp-content\/uploads\/2024\/04\/CAMASIR-SUYU-5-KG-1-430x430.jpg 430w\" sizes=\"(max-width: 430px) 100vw, 430px\" \/>\t\t\t\t<\/a>\n\t\t\t<\/div>\n\t\t\t\t\t<div class=\"wd-buttons wd-pos-r-t\">\n\t\t\t\t\t\t\t\t<div class=\"wd-compare-btn product-compare-button wd-action-btn wd-style-icon wd-compare-icon\">\n\t\t\t<a href=\"https:\/\/masterandclean.com.tr\/tr\/compare\/\" data-id=\"16283\" rel=\"nofollow\" data-added-text=\"Compare products\">\n\t\t\t\t<span>Compare<\/span>\n\t\t\t<\/a>\n\t\t<\/div>\n\t\t\t\t\t\t\t<div class=\"quick-view wd-action-btn wd-style-icon wd-quick-view-icon\">\n\t\t\t<a\n\t\t\t\thref=\"https:\/\/masterandclean.com.tr\/tr\/urun\/bleach-5-kg\/\"\n\t\t\t\tclass=\"open-quick-view quick-view-button\"\n\t\t\t\trel=\"nofollow\"\n\t\t\t\tdata-id=\"16283\"\n\t\t\t\t>Quick view<\/a>\n\t\t<\/div>\n\t\t\t\t\t\t\t\t<div class=\"wd-wishlist-btn wd-action-btn wd-style-icon wd-wishlist-icon\">\n\t\t\t\t<a class=\"\" href=\"https:\/\/masterandclean.com.tr\/tr\/wishlist\/\" data-key=\"9d5b9cea0e\" data-product-id=\"16283\" rel=\"nofollow\" data-added-text=\"Browse Wishlist\">\n\t\t\t\t\t<span>Add to wishlist<\/span>\n\t\t\t\t<\/a>\n\t\t\t<\/div>\n\t\t\t\t<\/div>\n\n\t\t\t\t\t<div class=\"wd-add-btn wd-add-btn-replace\">\n\t\t\t\t\t\t\t\t\t\t\t\t\t\n\t\t\t\t<a href=\"https:\/\/masterandclean.com.tr\/tr\/urun\/bleach-5-kg\/\" data-quantity=\"1\" class=\"button product_type_simple add-to-cart-loop\" data-product_id=\"16283\" data-product_sku=\"MC-01-2\" aria-label=\"\u201cBLEACH 5 kg\u201d hakk\u0131nda daha fazla bilgi edinin\" aria-describedby=\"\" rel=\"nofollow\" data-no-translation-aria-label=\"\"><span data-no-translation=\"\" data-trp-gettext=\"\">Devam\u0131n\u0131 oku<\/span><\/a>\t\t\t\t\t\t\t<\/div>\n\t\t\t<\/div>\n\t\t\t<h3 class=\"wd-entities-title\"><a href=\"https:\/\/masterandclean.com.tr\/tr\/urun\/bleach-5-kg\/\">\u00c7AMA\u015eIR SUYU 5 kg<\/a><\/h3>\n\t\t\t<div class=\"wd-product-cats\">\n\t\t\t<a href=\"https:\/\/masterandclean.com.tr\/tr\/urun-kategori\/general-cleaning-group\/\" rel=\"tag\">GENEL TEM\u0130ZL\u0130K GRUBU<\/a>\t\t<\/div>\n\t\t\t\t\n\n\t\n\t\n\t\t<\/div>\n<\/div>\n<div class=\"product-grid-item product wd-hover-quick  col-lg-4 col-md-4 col-6 first  type-product post-16289 status-publish instock product_cat-general-cleaning-group has-post-thumbnail shipping-taxable product-type-simple\" data-loop=\"4\" data-id=\"16289\">\n\t\n\t\n<div class=\"product-wrapper\">\n\t<div class=\"product-element-top wd-quick-shop\">\n\t\t<a href=\"https:\/\/masterandclean.com.tr\/tr\/urun\/bleach-30-kg\/\" class=\"product-image-link\">\n\t\t\t<img loading=\"lazy\" decoding=\"async\" width=\"430\" height=\"430\" src=\"https:\/\/masterandclean.com.tr\/wp-content\/uploads\/2024\/04\/Ing-CAMASIR-SUYU-30-KG-2-430x430.jpg\" class=\"attachment-woocommerce_thumbnail size-woocommerce_thumbnail\" alt=\"\" srcset=\"https:\/\/masterandclean.com.tr\/wp-content\/uploads\/2024\/04\/Ing-CAMASIR-SUYU-30-KG-2-430x430.jpg 430w, https:\/\/masterandclean.com.tr\/wp-content\/uploads\/2024\/04\/Ing-CAMASIR-SUYU-30-KG-2-300x300.jpg 300w, https:\/\/masterandclean.com.tr\/wp-content\/uploads\/2024\/04\/Ing-CAMASIR-SUYU-30-KG-2-150x150.jpg 150w, https:\/\/masterandclean.com.tr\/wp-content\/uploads\/2024\/04\/Ing-CAMASIR-SUYU-30-KG-2.jpg 700w\" sizes=\"(max-width: 430px) 100vw, 430px\" \/>\t\t<\/a>\n\n\t\t\t\t\t<div class=\"hover-img\">\n\t\t\t\t<a href=\"https:\/\/masterandclean.com.tr\/tr\/urun\/bleach-30-kg\/\">\n\t\t\t\t\t<img loading=\"lazy\" decoding=\"async\" width=\"430\" height=\"430\" src=\"https:\/\/masterandclean.com.tr\/wp-content\/uploads\/2024\/04\/CAMASIR-SUYU-30-KG-2.jpg\" class=\"attachment-woocommerce_thumbnail size-woocommerce_thumbnail\" alt=\"\" srcset=\"https:\/\/masterandclean.com.tr\/wp-content\/uploads\/2024\/04\/CAMASIR-SUYU-30-KG-2.jpg 700w, https:\/\/masterandclean.com.tr\/wp-content\/uploads\/2024\/04\/CAMASIR-SUYU-30-KG-2-300x300.jpg 300w, https:\/\/masterandclean.com.tr\/wp-content\/uploads\/2024\/04\/CAMASIR-SUYU-30-KG-2-150x150.jpg 150w, https:\/\/masterandclean.com.tr\/wp-content\/uploads\/2024\/04\/CAMASIR-SUYU-30-KG-2-430x430.jpg 430w\" sizes=\"(max-width: 430px) 100vw, 430px\" \/>\t\t\t\t<\/a>\n\t\t\t<\/div>\n\t\t\t\t\t<div class=\"wd-buttons wd-pos-r-t\">\n\t\t\t\t\t\t\t\t<div class=\"wd-compare-btn product-compare-button wd-action-btn wd-style-icon wd-compare-icon\">\n\t\t\t<a href=\"https:\/\/masterandclean.com.tr\/tr\/compare\/\" data-id=\"16289\" rel=\"nofollow\" data-added-text=\"Compare products\">\n\t\t\t\t<span>Compare<\/span>\n\t\t\t<\/a>\n\t\t<\/div>\n\t\t\t\t\t\t\t<div class=\"quick-view wd-action-btn wd-style-icon wd-quick-view-icon\">\n\t\t\t<a\n\t\t\t\thref=\"https:\/\/masterandclean.com.tr\/tr\/urun\/bleach-30-kg\/\"\n\t\t\t\tclass=\"open-quick-view quick-view-button\"\n\t\t\t\trel=\"nofollow\"\n\t\t\t\tdata-id=\"16289\"\n\t\t\t\t>Quick view<\/a>\n\t\t<\/div>\n\t\t\t\t\t\t\t\t<div class=\"wd-wishlist-btn wd-action-btn wd-style-icon wd-wishlist-icon\">\n\t\t\t\t<a class=\"\" href=\"https:\/\/masterandclean.com.tr\/tr\/wishlist\/\" data-key=\"9d5b9cea0e\" data-product-id=\"16289\" rel=\"nofollow\" data-added-text=\"Browse Wishlist\">\n\t\t\t\t\t<span>Add to wishlist<\/span>\n\t\t\t\t<\/a>\n\t\t\t<\/div>\n\t\t\t\t<\/div>\n\n\t\t\t\t\t<div class=\"wd-add-btn wd-add-btn-replace\">\n\t\t\t\t\t\t\t\t\t\t\t\t\t\n\t\t\t\t<a href=\"https:\/\/masterandclean.com.tr\/tr\/urun\/bleach-30-kg\/\" data-quantity=\"1\" class=\"button product_type_simple add-to-cart-loop\" data-product_id=\"16289\" data-product_sku=\"MC-01-3\" aria-label=\"\u201cBLEACH 30 kg\u201d hakk\u0131nda daha fazla bilgi edinin\" aria-describedby=\"\" rel=\"nofollow\" data-no-translation-aria-label=\"\"><span data-no-translation=\"\" data-trp-gettext=\"\">Devam\u0131n\u0131 oku<\/span><\/a>\t\t\t\t\t\t\t<\/div>\n\t\t\t<\/div>\n\t\t\t<h3 class=\"wd-entities-title\"><a href=\"https:\/\/masterandclean.com.tr\/tr\/urun\/bleach-30-kg\/\">\u00c7AMA\u015eIR SUYU 30 kg<\/a><\/h3>\n\t\t\t<div class=\"wd-product-cats\">\n\t\t\t<a href=\"https:\/\/masterandclean.com.tr\/tr\/urun-kategori\/general-cleaning-group\/\" rel=\"tag\">GENEL TEM\u0130ZL\u0130K GRUBU<\/a>\t\t<\/div>\n\t\t\t\t\n\n\t\n\t\n\t\t<\/div>\n<\/div>\n<\/div><\/div>\t\t<\/div>\n\t\t\t\t<\/div>\n\t\t\t\t<\/div>\n\t\t\t\t\t<\/div>\n\t\t\t\t<\/div>\n\t\t\t\t<\/div>","protected":false},"excerpt":{"rendered":"<p>PRODUCT CATEGORIES GENERAL CLEANING GROUP BLEACH LIME REMOVER SURFACE CLEANER &#8211; PINE SURFACE CLEANER &#8211; LAVENDER KITCHEN HYGIENE GROUP HAND<\/p>","protected":false},"author":1,"featured_media":0,"parent":0,"menu_order":0,"comment_status":"closed","ping_status":"closed","template":"elementor_header_footer","meta":{"footnotes":""},"class_list":["post-16375","page","type-page","status-publish","hentry"],"_links":{"self":[{"href":"https:\/\/masterandclean.com.tr\/tr\/wp-json\/wp\/v2\/pages\/16375","targetHints":{"allow":["GET"]}}],"collection":[{"href":"https:\/\/masterandclean.com.tr\/tr\/wp-json\/wp\/v2\/pages"}],"about":[{"href":"https:\/\/masterandclean.com.tr\/tr\/wp-json\/wp\/v2\/types\/page"}],"author":[{"embeddable":true,"href":"https:\/\/masterandclean.com.tr\/tr\/wp-json\/wp\/v2\/users\/1"}],"replies":[{"embeddable":true,"href":"https:\/\/masterandclean.com.tr\/tr\/wp-json\/wp\/v2\/comments?post=16375"}],"version-history":[{"count":20,"href":"https:\/\/masterandclean.com.tr\/tr\/wp-json\/wp\/v2\/pages\/16375\/revisions"}],"predecessor-version":[{"id":16524,"href":"https:\/\/masterandclean.com.tr\/tr\/wp-json\/wp\/v2\/pages\/16375\/revisions\/16524"}],"wp:attachment":[{"href":"https:\/\/masterandclean.com.tr\/tr\/wp-json\/wp\/v2\/media?parent=16375"}],"curies":[{"name":"wp","href":"https:\/\/api.w.org\/{rel}","templated":true}]}}