{"id":16056,"date":"2024-04-18T13:08:55","date_gmt":"2024-04-18T10:08:55","guid":{"rendered":"https:\/\/masterandclean.com.tr\/?page_id=16056"},"modified":"2024-04-18T13:10:56","modified_gmt":"2024-04-18T10:10:56","slug":"faq","status":"publish","type":"page","link":"https:\/\/masterandclean.com.tr\/tr\/faq\/","title":{"rendered":"SSS"},"content":{"rendered":"<div data-elementor-type=\"wp-page\" data-elementor-id=\"16056\" class=\"elementor elementor-16056\" data-elementor-post-type=\"page\">\n\t\t\t\t\t\t<section class=\"wd-negative-gap elementor-section elementor-top-section elementor-element elementor-element-1a72fe3 elementor-section-boxed elementor-section-height-default elementor-section-height-default wd-section-disabled\" data-id=\"1a72fe3\" data-element_type=\"section\">\n\t\t\t\t\t\t<div class=\"elementor-container elementor-column-gap-default\">\n\t\t\t\t\t<div class=\"elementor-column elementor-col-100 elementor-top-column elementor-element elementor-element-09ebf02\" data-id=\"09ebf02\" data-element_type=\"column\">\n\t\t\t<div class=\"elementor-widget-wrap elementor-element-populated\">\n\t\t\t\t\t\t<div class=\"elementor-element elementor-element-f590edc elementor-widget elementor-widget-wd_title\" data-id=\"f590edc\" data-element_type=\"widget\" data-widget_type=\"wd_title.default\">\n\t\t\t\t<div class=\"elementor-widget-container\">\n\t\t\t\t\t<div class=\"title-wrapper set-mb-s reset-last-child wd-title-color-default wd-title-style-default wd-title-size-default text-left\">\n\n\t\t\t\t\t\t\t<div class=\"title-subtitle subtitle-color-default subtitle-style-default wd-fontsize-xs\">\n\t\t\t\t\tB\u0130LG\u0130 SORULARI\t\t\t\t<\/div>\n\t\t\t\n\t\t\t<div class=\"liner-continer\">\n\t\t\t\t<h4 class=\"woodmart-title-container title wd-fontsize-l\">SIK\u00c7A SORULAN SORULAR<\/h4> \n\t\t\t\t\t\t\t<\/div>\n\n\t\t\t\t\t<\/div>\n\t\t\t\t<\/div>\n\t\t\t\t<\/div>\n\t\t\t\t<div class=\"elementor-element elementor-element-211d57b elementor-widget elementor-widget-wd_accordion\" data-id=\"211d57b\" data-element_type=\"widget\" data-widget_type=\"wd_accordion.default\">\n\t\t\t\t<div class=\"elementor-widget-container\">\n\t\t\t\n\t\t<div class=\"wd-accordion wd-style-default\" data-state=\"first\">\n\t\t\t\t\t\t\t\n\t\t\t\t<div class=\"wd-accordion-item\">\n\t\t\t\t\t<div class=\"wd-accordion-title wd-active text-left wd-opener-pos-right\" data-accordion-index=\"0\">\n\t\t\t\t\t\t<div class=\"wd-accordion-title-text\">\n\t\t\t\t\t\t\t\t\t\t\t\t\t\t<span>\n\t\t\t\t\t\t\t\tMaster &amp; Clean \u00fcr\u00fcnleri hangi t\u00fcr kirlerin temizli\u011finde etkilidir?\t\t\t\t\t\t\t<\/span>\n\t\t\t\t\t\t<\/div>\n\t\t\t\t\t\t<span class=\"wd-accordion-opener wd-opener-style-arrow\"><\/span>\n\t\t\t\t\t<\/div>\n\n\t\t\t\t\t<div class=\"wd-accordion-content reset-last-child wd-active\" data-accordion-index=\"0\">\n\t\t\t\t\t\t\t\t\t\t\t\t\t\n\t\t\t\t\t\t\t<p>Master &amp; Clean \u00fcr\u00fcnleri \u00e7ok \u00e7e\u015fitli alanlarda etkilidir. Ev, ofis, end\u00fcstriyel alanlar ve daha fazlas\u0131 i\u00e7in tasarlanm\u0131\u015ft\u0131r. Gresi, lekeleri, kireci, kiri ve di\u011fer bir\u00e7ok kir t\u00fcr\u00fcn\u00fc etkili bir \u015fekilde giderir.<br \/><br \/><\/p>\n\t\t\t\t\t\t\t\t\t\t\t\t\t\t\t\t\t\t<\/div>\n\t\t\t\t<\/div>\n\t\t\t\t\t\t\t\n\t\t\t\t<div class=\"wd-accordion-item\">\n\t\t\t\t\t<div class=\"wd-accordion-title text-left wd-opener-pos-right\" data-accordion-index=\"1\">\n\t\t\t\t\t\t<div class=\"wd-accordion-title-text\">\n\t\t\t\t\t\t\t\t\t\t\t\t\t\t<span>\n\t\t\t\t\t\t\t\tMaster &amp; Clean \u00fcr\u00fcnlerini kullan\u0131rken g\u00fcvenlik konusunda endi\u015felenmeli miyim?\t\t\t\t\t\t\t<\/span>\n\t\t\t\t\t\t<\/div>\n\t\t\t\t\t\t<span class=\"wd-accordion-opener wd-opener-style-arrow\"><\/span>\n\t\t\t\t\t<\/div>\n\n\t\t\t\t\t<div class=\"wd-accordion-content reset-last-child\" data-accordion-index=\"1\">\n\t\t\t\t\t\t\t\t\t\t\t\t\t\n\t\t\t\t\t\t\t<p>Hay\u0131r, Master &amp; Clean \u00fcr\u00fcnleri kullan\u0131c\u0131 g\u00fcvenli\u011fi dikkate al\u0131narak form\u00fcle edilmi\u015ftir. \u00dcr\u00fcnlerimiz uygun g\u00fcvenlik standartlar\u0131na uygun olarak \u00fcretilmekte olup, kullan\u0131c\u0131lar\u0131n g\u00fcvenli\u011fi \u00f6n planda tutulmaktad\u0131r. Ancak herhangi bir sa\u011fl\u0131k sorunu ya\u015famaman\u0131z i\u00e7in talimatlar\u0131 dikkatle okuyup uygulaman\u0131z\u0131 \u00f6neririz.<\/p>\n\t\t\t\t\t\t\t\t\t\t\t\t\t\t\t\t\t\t<\/div>\n\t\t\t\t<\/div>\n\t\t\t\t\t\t\t\n\t\t\t\t<div class=\"wd-accordion-item\">\n\t\t\t\t\t<div class=\"wd-accordion-title text-left wd-opener-pos-right\" data-accordion-index=\"2\">\n\t\t\t\t\t\t<div class=\"wd-accordion-title-text\">\n\t\t\t\t\t\t\t\t\t\t\t\t\t\t<span>\n\t\t\t\t\t\t\t\tMaster&amp;Clean \u00fcr\u00fcnleri \u00e7evre dostu mudur?\t\t\t\t\t\t\t<\/span>\n\t\t\t\t\t\t<\/div>\n\t\t\t\t\t\t<span class=\"wd-accordion-opener wd-opener-style-arrow\"><\/span>\n\t\t\t\t\t<\/div>\n\n\t\t\t\t\t<div class=\"wd-accordion-content reset-last-child\" data-accordion-index=\"2\">\n\t\t\t\t\t\t\t\t\t\t\t\t\t\n\t\t\t\t\t\t\t<p>Evet, Master &amp; Clean firmas\u0131 olarak \u00e7evre dostu \u00fcr\u00fcnler sunmaya \u00f6nem veriyoruz. \u00dcr\u00fcnlerimizin form\u00fclasyonunda \u00e7evreye zararl\u0131 kimyasallar\u0131 en aza indirmeye \u00e7al\u0131\u015f\u0131yor ve geri d\u00f6n\u00fc\u015ft\u00fcr\u00fclebilir ambalajlar kullan\u0131yoruz.<\/p>\n\t\t\t\t\t\t\t\t\t\t\t\t\t\t\t\t\t\t<\/div>\n\t\t\t\t<\/div>\n\t\t\t\t\t\t\t\n\t\t\t\t<div class=\"wd-accordion-item\">\n\t\t\t\t\t<div class=\"wd-accordion-title text-left wd-opener-pos-right\" data-accordion-index=\"3\">\n\t\t\t\t\t\t<div class=\"wd-accordion-title-text\">\n\t\t\t\t\t\t\t\t\t\t\t\t\t\t<span>\n\t\t\t\t\t\t\t\tMaster &amp; Clean \u00fcr\u00fcnlerinin kalitesini nas\u0131l garanti edebilirim?\t\t\t\t\t\t\t<\/span>\n\t\t\t\t\t\t<\/div>\n\t\t\t\t\t\t<span class=\"wd-accordion-opener wd-opener-style-arrow\"><\/span>\n\t\t\t\t\t<\/div>\n\n\t\t\t\t\t<div class=\"wd-accordion-content reset-last-child\" data-accordion-index=\"3\">\n\t\t\t\t\t\t\t\t\t\t\t\t\t\n\t\t\t\t\t\t\t<p>Master &amp; Clean olarak m\u00fc\u015fteri memnuniyetini \u00f6n planda tutuyoruz ve \u00fcr\u00fcnlerimizin kalitesinden emin olman\u0131z\u0131 istiyoruz. \u00dcr\u00fcnlerimiz kalite kontrol s\u00fcre\u00e7lerinden ge\u00e7irilerek \u00fcretilmekte olup standartlara uygunlu\u011fu d\u00fczenli olarak test edilmektedir. Ayr\u0131ca m\u00fc\u015fteri geri bildirimlerini de de\u011ferlendiriyor ve \u00fcr\u00fcnlerimizi s\u00fcrekli olarak geli\u015ftirmek i\u00e7in kullan\u0131yoruz. Herhangi bir kalite sorunuyla kar\u015f\u0131la\u015f\u0131rsan\u0131z, l\u00fctfen bizimle ileti\u015fime ge\u00e7in; size yard\u0131mc\u0131 olmaktan mutluluk duyar\u0131z.<\/p>\n\t\t\t\t\t\t\t\t\t\t\t\t\t\t\t\t\t\t<\/div>\n\t\t\t\t<\/div>\n\t\t\t\t\t\t\t\n\t\t\t\t<div class=\"wd-accordion-item\">\n\t\t\t\t\t<div class=\"wd-accordion-title text-left wd-opener-pos-right\" data-accordion-index=\"4\">\n\t\t\t\t\t\t<div class=\"wd-accordion-title-text\">\n\t\t\t\t\t\t\t\t\t\t\t\t\t\t<span>\n\t\t\t\t\t\t\t\tMaster&amp;Clean \u00fcr\u00fcnleri nas\u0131l kullan\u0131l\u0131r?\t\t\t\t\t\t\t<\/span>\n\t\t\t\t\t\t<\/div>\n\t\t\t\t\t\t<span class=\"wd-accordion-opener wd-opener-style-arrow\"><\/span>\n\t\t\t\t\t<\/div>\n\n\t\t\t\t\t<div class=\"wd-accordion-content reset-last-child\" data-accordion-index=\"4\">\n\t\t\t\t\t\t\t\t\t\t\t\t\t\n\t\t\t\t\t\t\t<p>Her Master &amp; Clean \u00fcr\u00fcn\u00fcn\u00fcn kullan\u0131m talimatlar\u0131 \u00fcr\u00fcn ambalaj\u0131n\u0131n \u00fczerinde veya i\u00e7inde bulunmaktad\u0131r. Genel olarak kullan\u0131m talimatlar\u0131 olduk\u00e7a basittir ve \u00fcr\u00fcn\u00fc etkili bir \u015fekilde kullanman\u0131z\u0131 sa\u011flar. Ancak herhangi bir belirsizlik durumunda kullan\u0131m talimatlar\u0131n\u0131 dikkatle okuman\u0131z\u0131 ve gerekiyorsa profesyonel destek alman\u0131z\u0131 \u00f6neririz.<\/p>\n\t\t\t\t\t\t\t\t\t\t\t\t\t\t\t\t\t\t<\/div>\n\t\t\t\t<\/div>\n\t\t\t\t\t<\/div>\n\t\t\t\t<\/div>\n\t\t\t\t<\/div>\n\t\t\t\t\t<\/div>\n\t\t<\/div>\n\t\t\t\t\t<\/div>\n\t\t<\/section>\n\t\t\t\t<\/div>","protected":false},"excerpt":{"rendered":"<p>INFORMATION QUESTIONS FREQUENTLY ASKED QUESTIONS What types of dirt are Master and Clean products effective for cleaning? Master and Clean<\/p>","protected":false},"author":1,"featured_media":0,"parent":0,"menu_order":0,"comment_status":"closed","ping_status":"closed","template":"elementor_header_footer","meta":{"footnotes":""},"class_list":["post-16056","page","type-page","status-publish","hentry"],"_links":{"self":[{"href":"https:\/\/masterandclean.com.tr\/tr\/wp-json\/wp\/v2\/pages\/16056","targetHints":{"allow":["GET"]}}],"collection":[{"href":"https:\/\/masterandclean.com.tr\/tr\/wp-json\/wp\/v2\/pages"}],"about":[{"href":"https:\/\/masterandclean.com.tr\/tr\/wp-json\/wp\/v2\/types\/page"}],"author":[{"embeddable":true,"href":"https:\/\/masterandclean.com.tr\/tr\/wp-json\/wp\/v2\/users\/1"}],"replies":[{"embeddable":true,"href":"https:\/\/masterandclean.com.tr\/tr\/wp-json\/wp\/v2\/comments?post=16056"}],"version-history":[{"count":4,"href":"https:\/\/masterandclean.com.tr\/tr\/wp-json\/wp\/v2\/pages\/16056\/revisions"}],"predecessor-version":[{"id":16060,"href":"https:\/\/masterandclean.com.tr\/tr\/wp-json\/wp\/v2\/pages\/16056\/revisions\/16060"}],"wp:attachment":[{"href":"https:\/\/masterandclean.com.tr\/tr\/wp-json\/wp\/v2\/media?parent=16056"}],"curies":[{"name":"wp","href":"https:\/\/api.w.org\/{rel}","templated":true}]}}